{"id":131,"date":"2021-12-31T09:39:46","date_gmt":"2021-12-31T09:39:46","guid":{"rendered":"http:\/\/gestuet-auchtert.de\/?page_id=131"},"modified":"2025-11-01T20:10:11","modified_gmt":"2025-11-01T20:10:11","slug":"auchtert","status":"publish","type":"page","link":"https:\/\/gestuet-auchtert.de\/?page_id=131","title":{"rendered":"Auchtert"},"content":{"rendered":"\n<div class=\"wp-block-ps2id-block-target\" id=\"auchtert\"><\/div>\n\n\n\n<div style=\"height:50px\" aria-hidden=\"true\" class=\"wp-block-spacer\"><\/div>\n\n\n\n<h1 class=\"wp-block-heading has-text-align-center ticss-6fc65644 has-text-color\" id=\"das-sind-wir-das-ist-was-uns-pragtdas-ist-unsere-leidenschaft\" style=\"color:#557a60\">Das sind wir \u2013 das ist, was uns pr\u00e4gt<br>Das ist unsere Leidenschaft<\/h1>\n\n\n\n<p><\/p>\n\n\n\n<div style=\"height:40px\" aria-hidden=\"true\" class=\"wp-block-spacer\"><\/div>\n\n\n\n<p class=\"has-text-align-center ticss-13df2e59\" style=\"font-size:28px\">Die Liebe zu den Islandpferden verbindet uns und macht uns aus. Wir lieben was wir tun.<br>Auf dieser Seite lernt Ihr unser Team und unsere Anlage kennen.<br>Au\u00dferdem ein kleiner Einblick, was wir sonst noch so machen!<\/p>\n\n\n\n<div style=\"height:40px\" aria-hidden=\"true\" class=\"wp-block-spacer\"><\/div>\n\n\n\n<div class=\"wp-block-columns is-layout-flex wp-container-core-columns-is-layout-28f84493 wp-block-columns-is-layout-flex\">\n<div class=\"wp-block-column is-layout-flow wp-block-column-is-layout-flow\">\n<figure class=\"wp-block-image size-large\"><a href=\"https:\/\/gestuet-auchtert.de\/?page_id=139#team\"><img loading=\"lazy\" decoding=\"async\" width=\"996\" height=\"1024\" src=\"http:\/\/gestuet-auchtert.de\/wp-content\/uploads\/2022\/01\/team-996x1024.png\" alt=\"\" class=\"wp-image-1084\" srcset=\"https:\/\/gestuet-auchtert.de\/wp-content\/uploads\/2022\/01\/team-996x1024.png 996w, https:\/\/gestuet-auchtert.de\/wp-content\/uploads\/2022\/01\/team-292x300.png 292w, https:\/\/gestuet-auchtert.de\/wp-content\/uploads\/2022\/01\/team-768x790.png 768w, https:\/\/gestuet-auchtert.de\/wp-content\/uploads\/2022\/01\/team-1140x1173.png 1140w, https:\/\/gestuet-auchtert.de\/wp-content\/uploads\/2022\/01\/team.png 1293w\" sizes=\"auto, (max-width: 996px) 100vw, 996px\" \/><\/a><\/figure>\n<\/div>\n\n\n\n<div class=\"wp-block-column is-layout-flow wp-block-column-is-layout-flow\">\n<figure class=\"wp-block-image size-large\"><a href=\"https:\/\/gestuet-auchtert.de\/?page_id=141#anlage\"><img loading=\"lazy\" decoding=\"async\" width=\"996\" height=\"1024\" src=\"http:\/\/gestuet-auchtert.de\/wp-content\/uploads\/2022\/01\/anlage-996x1024.png\" alt=\"\" class=\"wp-image-1085\" srcset=\"https:\/\/gestuet-auchtert.de\/wp-content\/uploads\/2022\/01\/anlage-996x1024.png 996w, https:\/\/gestuet-auchtert.de\/wp-content\/uploads\/2022\/01\/anlage-292x300.png 292w, https:\/\/gestuet-auchtert.de\/wp-content\/uploads\/2022\/01\/anlage-768x790.png 768w, https:\/\/gestuet-auchtert.de\/wp-content\/uploads\/2022\/01\/anlage-1140x1173.png 1140w, https:\/\/gestuet-auchtert.de\/wp-content\/uploads\/2022\/01\/anlage.png 1293w\" sizes=\"auto, (max-width: 996px) 100vw, 996px\" \/><\/a><\/figure>\n<\/div>\n<\/div>\n\n\n\n<div style=\"height:40px\" aria-hidden=\"true\" class=\"wp-block-spacer\"><\/div>\n\n\n\n<p class=\"ticss-704b794f has-medium-font-size\">Jens F\u00fcchtenschnieder, leidenschaftlicher Pferdez\u00fcchter und Reitlehrer, wagt einen Neuanfang. Er hat sich in den Kopf gesetzt, mit seiner Islandpferdezucht noch einmal richtig durchzustarten. Er ist 50 Jahre alt.Das Dreh-Team begleitet ihn und seine Familie bei diesem Neustart mehr als drei Jahreszeiten und zeigt ihn auf der Deutschen Islandpferdemeisterschaft. Kann er hier mithalten, vielleicht sogar einen Titel holen?<br>Der Film zeigt den Alltag und die sportlichen Herausforderungen eines Berufsreiters, das Training f\u00fcr die Deutsche Islandpferdemeisterschaft in Neuler im Juli 2019. Wird der passionierte Reiter sich dort mit dem Reiternachwuchs messen k\u00f6nnen? Auf jeden Fall m\u00f6chte er es noch einmal wissen und tritt in seiner Paradedisziplin, dem schnellen Passrennen an.<br>Diese Doku von Gwendolin Szyszkonitz-Schwingel aus der SWR-Reihe \u201eMensch Leute\u201c tr\u00e4gt den Originaltitel: Pferdez\u00fcchter Jens \u2013 Neustart mit seinen Isl\u00e4ndern<br><\/p>\n\n\n\n<div style=\"height:46px\" aria-hidden=\"true\" class=\"wp-block-spacer\"><\/div>\n\n\n\n<div class=\"wp-block-columns is-layout-flex wp-container-core-columns-is-layout-28f84493 wp-block-columns-is-layout-flex\">\n<div class=\"wp-block-column is-layout-flow wp-block-column-is-layout-flow\">\n<figure class=\"wp-block-embed is-type-video is-provider-youtube wp-block-embed-youtube wp-embed-aspect-16-9 wp-has-aspect-ratio\"><div class=\"wp-block-embed__wrapper\">\n<iframe loading=\"lazy\" title=\"Vikingyr pr\u00e4sentiert: Reiten und Kochen mit Jens F\u00fcchtenschnieder\" width=\"960\" height=\"540\" src=\"https:\/\/www.youtube.com\/embed\/bxgNeSaeFwo?feature=oembed\" frameborder=\"0\" allow=\"accelerometer; autoplay; clipboard-write; encrypted-media; gyroscope; picture-in-picture\" allowfullscreen><\/iframe>\n<\/div><\/figure>\n\n\n\n<p class=\"ticss-6eeab42e has-medium-font-size\">Kochen und reiten ist bei uns ebenfalls m\u00f6glich an Feiertagen.<\/p>\n<\/div>\n\n\n\n<div class=\"wp-block-column is-layout-flow wp-block-column-is-layout-flow\">\n<figure class=\"wp-block-embed is-type-video is-provider-vimeo wp-block-embed-vimeo wp-embed-aspect-16-9 wp-has-aspect-ratio\"><div class=\"wp-block-embed__wrapper\">\n<iframe loading=\"lazy\" title=\"15x PP1 Jens F&amp;uuml;chtenschnieder\" src=\"https:\/\/player.vimeo.com\/video\/407213704?h=cbb1b8ea2e&amp;dnt=1&amp;app_id=122963\" width=\"960\" height=\"540\" frameborder=\"0\" allow=\"autoplay; fullscreen; picture-in-picture\" allowfullscreen><\/iframe>\n<\/div><\/figure>\n\n\n\n<p class=\"ticss-098aee60 has-medium-font-size\">Und in Corona-Zeit ohne Turniere wird man erfinderisch. So hast Jens ein gesamtes Turnier gegen sich selbst veranstaltet. Er war Reiter, Richter, Sprechen und hat sich selbst geehrt.<br>15X PP1 JENS<\/p>\n<\/div>\n<\/div>\n\n\n\n<p><\/p>\n","protected":false},"excerpt":{"rendered":"<p>Das sind wir \u2013 das ist, was uns pr\u00e4gtDas ist unsere Leidenschaft Die Liebe zu den Islandpferden verbindet uns und macht uns aus. Wir lieben was wir tun.Auf dieser Seite lernt Ihr unser Team und unsere Anlage kennen.Au\u00dferdem ein kleiner Einblick, was wir sonst noch so machen! Jens F\u00fcchtenschnieder, leidenschaftlicher Pferdez\u00fcchter und Reitlehrer, wagt einen Neuanfang. Er hat sich in den Kopf gesetzt, mit seiner Islandpferdezucht noch einmal richtig durchzustarten. Er ist 50 Jahre alt.Das Dreh-Team begleitet ihn und seine Familie bei diesem Neustart mehr als drei Jahreszeiten und zeigt ihn auf der Deutschen Islandpferdemeisterschaft. Kann er hier mithalten, vielleicht sogar einen Titel holen?Der Film zeigt den Alltag und die sportlichen Herausforderungen eines Berufsreiters, das Training f\u00fcr die Deutsche Islandpferdemeisterschaft in Neuler im Juli 2019. Wird der passionierte Reiter sich dort mit dem Reiternachwuchs messen k\u00f6nnen? Auf jeden Fall m\u00f6chte er es noch einmal wissen und tritt in seiner Paradedisziplin, dem schnellen Passrennen an.Diese Doku von Gwendolin Szyszkonitz-Schwingel aus der SWR-Reihe \u201eMensch Leute\u201c tr\u00e4gt den Originaltitel: Pferdez\u00fcchter Jens \u2013 Neustart mit seinen Isl\u00e4ndern Kochen und reiten ist bei uns ebenfalls m\u00f6glich an Feiertagen. Und in Corona-Zeit ohne Turniere wird man erfinderisch. So hast Jens ein gesamtes Turnier gegen sich selbst veranstaltet. Er war Reiter, Richter, Sprechen und hat sich selbst geehrt.15X PP1 JENS<\/p>\n","protected":false},"author":2,"featured_media":0,"parent":0,"menu_order":0,"comment_status":"closed","ping_status":"closed","template":"","meta":{"_mc_calendar":[],"footnotes":""},"class_list":["post-131","page","type-page","status-publish","hentry"],"yoast_head":"<!-- This site is optimized with the Yoast SEO plugin v27.4 - https:\/\/yoast.com\/product\/yoast-seo-wordpress\/ -->\n<title>Auchtert<\/title>\n<meta name=\"description\" content=\"Die Liebe zu den Islandpferden verbindet uns und macht uns aus. Auf dieser Seite lernt Ihr unser Team und unsere Anlage kennen.\" \/>\n<meta name=\"robots\" content=\"index, follow, max-snippet:-1, max-image-preview:large, max-video-preview:-1\" \/>\n<link rel=\"canonical\" href=\"https:\/\/gestuet-auchtert.de\/?page_id=131\" \/>\n<meta property=\"og:locale\" content=\"de_DE\" \/>\n<meta property=\"og:type\" content=\"article\" \/>\n<meta property=\"og:title\" content=\"Auchtert\" \/>\n<meta property=\"og:description\" content=\"Die Liebe zu den Islandpferden verbindet uns und macht uns aus. Auf dieser Seite lernt Ihr unser Team und unsere Anlage kennen.\" \/>\n<meta property=\"og:url\" content=\"https:\/\/gestuet-auchtert.de\/?page_id=131\" \/>\n<meta property=\"article:publisher\" content=\"https:\/\/www.facebook.com\/hestarkeppni\" \/>\n<meta property=\"article:modified_time\" content=\"2025-11-01T20:10:11+00:00\" \/>\n<meta property=\"og:image\" content=\"https:\/\/gestuet-auchtert.de\/wp-content\/uploads\/2022\/01\/team.png\" \/>\n\t<meta property=\"og:image:width\" content=\"1293\" \/>\n\t<meta property=\"og:image:height\" content=\"1330\" \/>\n\t<meta property=\"og:image:type\" content=\"image\/png\" \/>\n<meta name=\"twitter:card\" content=\"summary_large_image\" \/>\n<meta name=\"twitter:label1\" content=\"Gesch\u00e4tzte Lesezeit\" \/>\n\t<meta name=\"twitter:data1\" content=\"2\u00a0Minuten\" \/>\n<script type=\"application\/ld+json\" class=\"yoast-schema-graph\">{\"@context\":\"https:\\\/\\\/schema.org\",\"@graph\":[{\"@type\":\"WebPage\",\"@id\":\"https:\\\/\\\/gestuet-auchtert.de\\\/?page_id=131\",\"url\":\"https:\\\/\\\/gestuet-auchtert.de\\\/?page_id=131\",\"name\":\"Auchtert\",\"isPartOf\":{\"@id\":\"https:\\\/\\\/gestuet-auchtert.de\\\/#website\"},\"primaryImageOfPage\":{\"@id\":\"https:\\\/\\\/gestuet-auchtert.de\\\/?page_id=131#primaryimage\"},\"image\":{\"@id\":\"https:\\\/\\\/gestuet-auchtert.de\\\/?page_id=131#primaryimage\"},\"thumbnailUrl\":\"http:\\\/\\\/gestuet-auchtert.de\\\/wp-content\\\/uploads\\\/2022\\\/01\\\/team-996x1024.png\",\"datePublished\":\"2021-12-31T09:39:46+00:00\",\"dateModified\":\"2025-11-01T20:10:11+00:00\",\"description\":\"Die Liebe zu den Islandpferden verbindet uns und macht uns aus. Auf dieser Seite lernt Ihr unser Team und unsere Anlage kennen.\",\"breadcrumb\":{\"@id\":\"https:\\\/\\\/gestuet-auchtert.de\\\/?page_id=131#breadcrumb\"},\"inLanguage\":\"de\",\"potentialAction\":[{\"@type\":\"ReadAction\",\"target\":[\"https:\\\/\\\/gestuet-auchtert.de\\\/?page_id=131\"]}]},{\"@type\":\"ImageObject\",\"inLanguage\":\"de\",\"@id\":\"https:\\\/\\\/gestuet-auchtert.de\\\/?page_id=131#primaryimage\",\"url\":\"https:\\\/\\\/gestuet-auchtert.de\\\/wp-content\\\/uploads\\\/2022\\\/01\\\/team.png\",\"contentUrl\":\"https:\\\/\\\/gestuet-auchtert.de\\\/wp-content\\\/uploads\\\/2022\\\/01\\\/team.png\",\"width\":1293,\"height\":1330},{\"@type\":\"BreadcrumbList\",\"@id\":\"https:\\\/\\\/gestuet-auchtert.de\\\/?page_id=131#breadcrumb\",\"itemListElement\":[{\"@type\":\"ListItem\",\"position\":1,\"name\":\"Startseite\",\"item\":\"https:\\\/\\\/gestuet-auchtert.de\\\/\"},{\"@type\":\"ListItem\",\"position\":2,\"name\":\"Auchtert\"}]},{\"@type\":\"WebSite\",\"@id\":\"https:\\\/\\\/gestuet-auchtert.de\\\/#website\",\"url\":\"https:\\\/\\\/gestuet-auchtert.de\\\/\",\"name\":\"Islandpferdegest\u00fct Auchtert\",\"description\":\"\",\"publisher\":{\"@id\":\"https:\\\/\\\/gestuet-auchtert.de\\\/#organization\"},\"alternateName\":\"Gest\u00fct Auchtert\",\"potentialAction\":[{\"@type\":\"SearchAction\",\"target\":{\"@type\":\"EntryPoint\",\"urlTemplate\":\"https:\\\/\\\/gestuet-auchtert.de\\\/?s={search_term_string}\"},\"query-input\":{\"@type\":\"PropertyValueSpecification\",\"valueRequired\":true,\"valueName\":\"search_term_string\"}}],\"inLanguage\":\"de\"},{\"@type\":\"Organization\",\"@id\":\"https:\\\/\\\/gestuet-auchtert.de\\\/#organization\",\"name\":\"Gest\u00fct Auchtert\",\"url\":\"https:\\\/\\\/gestuet-auchtert.de\\\/\",\"logo\":{\"@type\":\"ImageObject\",\"inLanguage\":\"de\",\"@id\":\"https:\\\/\\\/gestuet-auchtert.de\\\/#\\\/schema\\\/logo\\\/image\\\/\",\"url\":\"https:\\\/\\\/gestuet-auchtert.de\\\/wp-content\\\/uploads\\\/2021\\\/12\\\/Logoschwarz.png\",\"contentUrl\":\"https:\\\/\\\/gestuet-auchtert.de\\\/wp-content\\\/uploads\\\/2021\\\/12\\\/Logoschwarz.png\",\"width\":500,\"height\":390,\"caption\":\"Gest\u00fct Auchtert\"},\"image\":{\"@id\":\"https:\\\/\\\/gestuet-auchtert.de\\\/#\\\/schema\\\/logo\\\/image\\\/\"},\"sameAs\":[\"https:\\\/\\\/www.facebook.com\\\/hestarkeppni\",\"https:\\\/\\\/www.instagram.com\\\/gestuetauchtert\"]}]}<\/script>\n<!-- \/ Yoast SEO plugin. -->","yoast_head_json":{"title":"Auchtert","description":"Die Liebe zu den Islandpferden verbindet uns und macht uns aus. Auf dieser Seite lernt Ihr unser Team und unsere Anlage kennen.","robots":{"index":"index","follow":"follow","max-snippet":"max-snippet:-1","max-image-preview":"max-image-preview:large","max-video-preview":"max-video-preview:-1"},"canonical":"https:\/\/gestuet-auchtert.de\/?page_id=131","og_locale":"de_DE","og_type":"article","og_title":"Auchtert","og_description":"Die Liebe zu den Islandpferden verbindet uns und macht uns aus. Auf dieser Seite lernt Ihr unser Team und unsere Anlage kennen.","og_url":"https:\/\/gestuet-auchtert.de\/?page_id=131","article_publisher":"https:\/\/www.facebook.com\/hestarkeppni","article_modified_time":"2025-11-01T20:10:11+00:00","og_image":[{"width":1293,"height":1330,"url":"https:\/\/gestuet-auchtert.de\/wp-content\/uploads\/2022\/01\/team.png","type":"image\/png"}],"twitter_card":"summary_large_image","twitter_misc":{"Gesch\u00e4tzte Lesezeit":"2\u00a0Minuten"},"schema":{"@context":"https:\/\/schema.org","@graph":[{"@type":"WebPage","@id":"https:\/\/gestuet-auchtert.de\/?page_id=131","url":"https:\/\/gestuet-auchtert.de\/?page_id=131","name":"Auchtert","isPartOf":{"@id":"https:\/\/gestuet-auchtert.de\/#website"},"primaryImageOfPage":{"@id":"https:\/\/gestuet-auchtert.de\/?page_id=131#primaryimage"},"image":{"@id":"https:\/\/gestuet-auchtert.de\/?page_id=131#primaryimage"},"thumbnailUrl":"http:\/\/gestuet-auchtert.de\/wp-content\/uploads\/2022\/01\/team-996x1024.png","datePublished":"2021-12-31T09:39:46+00:00","dateModified":"2025-11-01T20:10:11+00:00","description":"Die Liebe zu den Islandpferden verbindet uns und macht uns aus. Auf dieser Seite lernt Ihr unser Team und unsere Anlage kennen.","breadcrumb":{"@id":"https:\/\/gestuet-auchtert.de\/?page_id=131#breadcrumb"},"inLanguage":"de","potentialAction":[{"@type":"ReadAction","target":["https:\/\/gestuet-auchtert.de\/?page_id=131"]}]},{"@type":"ImageObject","inLanguage":"de","@id":"https:\/\/gestuet-auchtert.de\/?page_id=131#primaryimage","url":"https:\/\/gestuet-auchtert.de\/wp-content\/uploads\/2022\/01\/team.png","contentUrl":"https:\/\/gestuet-auchtert.de\/wp-content\/uploads\/2022\/01\/team.png","width":1293,"height":1330},{"@type":"BreadcrumbList","@id":"https:\/\/gestuet-auchtert.de\/?page_id=131#breadcrumb","itemListElement":[{"@type":"ListItem","position":1,"name":"Startseite","item":"https:\/\/gestuet-auchtert.de\/"},{"@type":"ListItem","position":2,"name":"Auchtert"}]},{"@type":"WebSite","@id":"https:\/\/gestuet-auchtert.de\/#website","url":"https:\/\/gestuet-auchtert.de\/","name":"Islandpferdegest\u00fct Auchtert","description":"","publisher":{"@id":"https:\/\/gestuet-auchtert.de\/#organization"},"alternateName":"Gest\u00fct Auchtert","potentialAction":[{"@type":"SearchAction","target":{"@type":"EntryPoint","urlTemplate":"https:\/\/gestuet-auchtert.de\/?s={search_term_string}"},"query-input":{"@type":"PropertyValueSpecification","valueRequired":true,"valueName":"search_term_string"}}],"inLanguage":"de"},{"@type":"Organization","@id":"https:\/\/gestuet-auchtert.de\/#organization","name":"Gest\u00fct Auchtert","url":"https:\/\/gestuet-auchtert.de\/","logo":{"@type":"ImageObject","inLanguage":"de","@id":"https:\/\/gestuet-auchtert.de\/#\/schema\/logo\/image\/","url":"https:\/\/gestuet-auchtert.de\/wp-content\/uploads\/2021\/12\/Logoschwarz.png","contentUrl":"https:\/\/gestuet-auchtert.de\/wp-content\/uploads\/2021\/12\/Logoschwarz.png","width":500,"height":390,"caption":"Gest\u00fct Auchtert"},"image":{"@id":"https:\/\/gestuet-auchtert.de\/#\/schema\/logo\/image\/"},"sameAs":["https:\/\/www.facebook.com\/hestarkeppni","https:\/\/www.instagram.com\/gestuetauchtert"]}]}},"_links":{"self":[{"href":"https:\/\/gestuet-auchtert.de\/index.php?rest_route=\/wp\/v2\/pages\/131","targetHints":{"allow":["GET"]}}],"collection":[{"href":"https:\/\/gestuet-auchtert.de\/index.php?rest_route=\/wp\/v2\/pages"}],"about":[{"href":"https:\/\/gestuet-auchtert.de\/index.php?rest_route=\/wp\/v2\/types\/page"}],"author":[{"embeddable":true,"href":"https:\/\/gestuet-auchtert.de\/index.php?rest_route=\/wp\/v2\/users\/2"}],"replies":[{"embeddable":true,"href":"https:\/\/gestuet-auchtert.de\/index.php?rest_route=%2Fwp%2Fv2%2Fcomments&post=131"}],"version-history":[{"count":0,"href":"https:\/\/gestuet-auchtert.de\/index.php?rest_route=\/wp\/v2\/pages\/131\/revisions"}],"wp:attachment":[{"href":"https:\/\/gestuet-auchtert.de\/index.php?rest_route=%2Fwp%2Fv2%2Fmedia&parent=131"}],"curies":[{"name":"wp","href":"https:\/\/api.w.org\/{rel}","templated":true}]}}