{"id":143,"date":"2022-01-03T11:04:14","date_gmt":"2022-01-03T11:04:14","guid":{"rendered":"http:\/\/gestuet-auchtert.de\/?page_id=143"},"modified":"2022-02-27T08:54:17","modified_gmt":"2022-02-27T08:54:17","slug":"verkaufspferde","status":"publish","type":"page","link":"https:\/\/gestuet-auchtert.de\/?page_id=143","title":{"rendered":"Verkaufspferde"},"content":{"rendered":"\n<div class=\"wp-block-ps2id-block-target\" id=\"verkauf\"><\/div>\n\n\n\n<div style=\"height:50px\" aria-hidden=\"true\" class=\"wp-block-spacer\"><\/div>\n\n\n\n<div class=\"wp-block-image\"><figure class=\"aligncenter size-full is-resized\"><img loading=\"lazy\" decoding=\"async\" src=\"http:\/\/gestuet-auchtert.de\/wp-content\/uploads\/2022\/01\/verkaufspferde.png\" alt=\"\" class=\"wp-image-1176\" width=\"287\" height=\"125\" srcset=\"https:\/\/gestuet-auchtert.de\/wp-content\/uploads\/2022\/01\/verkaufspferde.png 492w, https:\/\/gestuet-auchtert.de\/wp-content\/uploads\/2022\/01\/verkaufspferde-300x130.png 300w\" sizes=\"auto, (max-width: 287px) 100vw, 287px\" \/><\/figure><\/div>\n\n\n\n<div style=\"height:30px\" aria-hidden=\"true\" class=\"wp-block-spacer\"><\/div>\n\n\n\n<h2 class=\"has-text-align-center ticss-72f2e472 has-text-color wp-block-heading\" id=\"wunsch-partner\" style=\"color:#557a60\">Wunsch-Partner<\/h2>\n\n\n\n<p><\/p>\n\n\n\n<p class=\"has-text-align-center ticss-5e637ba0\" style=\"font-size:25px\">Wir finden f\u00fcr Sie den besten Partner \u2013 f\u00fcr Ausritte, f\u00fcr den Turniersport oder f\u00fcr die Zucht.<br>Auf dem Gest\u00fct Auchtert finden Sie von uns ausgew\u00e4hlte Pferde. Egal wie Ihre W\u00fcnsche aussehen, durch unsere langj\u00e4hrige Erfahrung im Pferdeverkauf und ein weitreichendes Netzwerk finden wir Ihr Pferd.<br><strong>Nennen Sie uns Ihre W\u00fcnsche und Eckdaten \u2013 wir zeigen Ihnen Ihr Traumpferd.<\/strong><\/p>\n\n\n\n<div class=\"wp-block-image\"><figure class=\"aligncenter size-full is-resized\"><a href=\"https:\/\/gestuet-auchtert.de\/?page_id=80#kontakt\"><img loading=\"lazy\" decoding=\"async\" src=\"http:\/\/gestuet-auchtert.de\/wp-content\/uploads\/2022\/01\/traumpferdfinden.png\" alt=\"\" class=\"wp-image-1526\" width=\"240\" height=\"75\" srcset=\"https:\/\/gestuet-auchtert.de\/wp-content\/uploads\/2022\/01\/traumpferdfinden.png 673w, https:\/\/gestuet-auchtert.de\/wp-content\/uploads\/2022\/01\/traumpferdfinden-300x94.png 300w\" sizes=\"auto, (max-width: 240px) 100vw, 240px\" \/><\/a><\/figure><\/div>\n\n\n\n<div style=\"height:40px\" aria-hidden=\"true\" class=\"wp-block-spacer\"><\/div>\n\n\n\n<h2 class=\"has-text-align-center ticss-773cd427 has-text-color wp-block-heading\" id=\"auswahl-unserer-bereits-verkauften-pferde\" style=\"color:#557a60\">Auswahl unserer bereits verkauften Pferde<\/h2>\n\n\n\n<div style=\"height:30px\" aria-hidden=\"true\" class=\"wp-block-spacer\"><\/div>\n\n\n\n<div class=\"wp-block-columns ticss-4d5459e1 is-layout-flex wp-container-core-columns-is-layout-28f84493 wp-block-columns-is-layout-flex\">\n<div class=\"wp-block-column ticss-5866d530 is-layout-flow wp-block-column-is-layout-flow\">\n<figure class=\"wp-block-image size-full ticss-455b4a95\"><img loading=\"lazy\" decoding=\"async\" width=\"1000\" height=\"158\" src=\"http:\/\/gestuet-auchtert.de\/wp-content\/uploads\/2022\/01\/vidalinheader.png\" alt=\"\" class=\"wp-image-1614\" srcset=\"https:\/\/gestuet-auchtert.de\/wp-content\/uploads\/2022\/01\/vidalinheader.png 1000w, https:\/\/gestuet-auchtert.de\/wp-content\/uploads\/2022\/01\/vidalinheader-300x47.png 300w, https:\/\/gestuet-auchtert.de\/wp-content\/uploads\/2022\/01\/vidalinheader-768x121.png 768w\" sizes=\"auto, (max-width: 1000px) 100vw, 1000px\" \/><\/figure>\n\n\n\n\n\n\n<div style=\"height:50px\" aria-hidden=\"true\" class=\"wp-block-spacer\"><\/div>\n<\/div>\n\n\n\n<div class=\"wp-block-column ticss-b95eb3fa is-layout-flow wp-block-column-is-layout-flow\">\n<figure class=\"wp-block-image size-full ticss-f2edf987\"><img loading=\"lazy\" decoding=\"async\" width=\"1000\" height=\"158\" src=\"http:\/\/gestuet-auchtert.de\/wp-content\/uploads\/2022\/01\/dreyriheader.png\" alt=\"\" class=\"wp-image-1615\" srcset=\"https:\/\/gestuet-auchtert.de\/wp-content\/uploads\/2022\/01\/dreyriheader.png 1000w, https:\/\/gestuet-auchtert.de\/wp-content\/uploads\/2022\/01\/dreyriheader-300x47.png 300w, https:\/\/gestuet-auchtert.de\/wp-content\/uploads\/2022\/01\/dreyriheader-768x121.png 768w\" sizes=\"auto, (max-width: 1000px) 100vw, 1000px\" \/><\/figure>\n\n\n\n\n\n\n<div style=\"height:35px\" aria-hidden=\"true\" class=\"wp-block-spacer\"><\/div>\n<\/div>\n<\/div>\n\n\n\n<div class=\"wp-block-columns is-layout-flex wp-container-core-columns-is-layout-28f84493 wp-block-columns-is-layout-flex\">\n<div class=\"wp-block-column ticss-7ab23776 is-layout-flow wp-block-column-is-layout-flow\">\n<figure class=\"wp-block-image size-full ticss-8a598d34\"><img loading=\"lazy\" decoding=\"async\" width=\"1000\" height=\"158\" src=\"http:\/\/gestuet-auchtert.de\/wp-content\/uploads\/2022\/01\/katurheader.png\" alt=\"\" class=\"wp-image-1619\" srcset=\"https:\/\/gestuet-auchtert.de\/wp-content\/uploads\/2022\/01\/katurheader.png 1000w, https:\/\/gestuet-auchtert.de\/wp-content\/uploads\/2022\/01\/katurheader-300x47.png 300w, https:\/\/gestuet-auchtert.de\/wp-content\/uploads\/2022\/01\/katurheader-768x121.png 768w\" sizes=\"auto, (max-width: 1000px) 100vw, 1000px\" \/><\/figure>\n\n\n\n\n\n\n<div style=\"height:50px\" aria-hidden=\"true\" class=\"wp-block-spacer\"><\/div>\n<\/div>\n\n\n\n<div class=\"wp-block-column ticss-3e718aa7 is-layout-flow wp-block-column-is-layout-flow\">\n<figure class=\"wp-block-image size-full ticss-aba7fe3f\"><img loading=\"lazy\" decoding=\"async\" width=\"1000\" height=\"158\" src=\"http:\/\/gestuet-auchtert.de\/wp-content\/uploads\/2022\/01\/stjarniheader.png\" alt=\"\" class=\"wp-image-1618\" srcset=\"https:\/\/gestuet-auchtert.de\/wp-content\/uploads\/2022\/01\/stjarniheader.png 1000w, https:\/\/gestuet-auchtert.de\/wp-content\/uploads\/2022\/01\/stjarniheader-300x47.png 300w, https:\/\/gestuet-auchtert.de\/wp-content\/uploads\/2022\/01\/stjarniheader-768x121.png 768w\" sizes=\"auto, (max-width: 1000px) 100vw, 1000px\" \/><\/figure>\n\n\n\n\n\n\n<div style=\"height:25px\" aria-hidden=\"true\" class=\"wp-block-spacer\"><\/div>\n<\/div>\n<\/div>\n\n\n\n<p><\/p>\n","protected":false},"excerpt":{"rendered":"<p>Wunsch-Partner Wir finden f\u00fcr Sie den besten Partner \u2013 f\u00fcr Ausritte, f\u00fcr den Turniersport oder f\u00fcr die Zucht.Auf dem Gest\u00fct Auchtert finden Sie von uns ausgew\u00e4hlte Pferde. Egal wie Ihre W\u00fcnsche aussehen, durch unsere langj\u00e4hrige Erfahrung im Pferdeverkauf und ein weitreichendes Netzwerk finden wir Ihr Pferd.Nennen Sie uns Ihre W\u00fcnsche und Eckdaten \u2013 wir zeigen Ihnen Ihr Traumpferd. Auswahl unserer bereits verkauften Pferde<\/p>\n","protected":false},"author":2,"featured_media":0,"parent":0,"menu_order":0,"comment_status":"closed","ping_status":"closed","template":"","meta":{"_mc_calendar":[],"footnotes":""},"class_list":["post-143","page","type-page","status-publish","hentry"],"yoast_head":"<!-- This site is optimized with the Yoast SEO plugin v27.4 - https:\/\/yoast.com\/product\/yoast-seo-wordpress\/ -->\n<title>Verkaufspferde<\/title>\n<meta name=\"description\" content=\"Wir finden f\u00fcr Sie den besten Partner \u2013 f\u00fcr Ausritte, f\u00fcr den Turniersport oder f\u00fcr die Zucht.\" \/>\n<meta name=\"robots\" content=\"index, follow, max-snippet:-1, max-image-preview:large, max-video-preview:-1\" \/>\n<link rel=\"canonical\" href=\"https:\/\/gestuet-auchtert.de\/?page_id=143\" \/>\n<meta property=\"og:locale\" content=\"de_DE\" \/>\n<meta property=\"og:type\" content=\"article\" \/>\n<meta property=\"og:title\" content=\"Verkaufspferde\" \/>\n<meta property=\"og:description\" content=\"Wir finden f\u00fcr Sie den besten Partner \u2013 f\u00fcr Ausritte, f\u00fcr den Turniersport oder f\u00fcr die Zucht.\" \/>\n<meta property=\"og:url\" content=\"https:\/\/gestuet-auchtert.de\/?page_id=143\" \/>\n<meta property=\"article:publisher\" content=\"https:\/\/www.facebook.com\/hestarkeppni\" \/>\n<meta property=\"article:modified_time\" content=\"2022-02-27T08:54:17+00:00\" \/>\n<meta property=\"og:image\" content=\"http:\/\/gestuet-auchtert.de\/wp-content\/uploads\/2022\/01\/verkaufspferde.png\" \/>\n<meta name=\"twitter:card\" content=\"summary_large_image\" \/>\n<meta name=\"twitter:label1\" content=\"Gesch\u00e4tzte Lesezeit\" \/>\n\t<meta name=\"twitter:data1\" content=\"2\u00a0Minuten\" \/>\n<script type=\"application\/ld+json\" class=\"yoast-schema-graph\">{\"@context\":\"https:\\\/\\\/schema.org\",\"@graph\":[{\"@type\":\"WebPage\",\"@id\":\"https:\\\/\\\/gestuet-auchtert.de\\\/?page_id=143\",\"url\":\"https:\\\/\\\/gestuet-auchtert.de\\\/?page_id=143\",\"name\":\"Verkaufspferde\",\"isPartOf\":{\"@id\":\"https:\\\/\\\/gestuet-auchtert.de\\\/#website\"},\"primaryImageOfPage\":{\"@id\":\"https:\\\/\\\/gestuet-auchtert.de\\\/?page_id=143#primaryimage\"},\"image\":{\"@id\":\"https:\\\/\\\/gestuet-auchtert.de\\\/?page_id=143#primaryimage\"},\"thumbnailUrl\":\"http:\\\/\\\/gestuet-auchtert.de\\\/wp-content\\\/uploads\\\/2022\\\/01\\\/verkaufspferde.png\",\"datePublished\":\"2022-01-03T11:04:14+00:00\",\"dateModified\":\"2022-02-27T08:54:17+00:00\",\"description\":\"Wir finden f\u00fcr Sie den besten Partner \u2013 f\u00fcr Ausritte, f\u00fcr den Turniersport oder f\u00fcr die Zucht.\",\"breadcrumb\":{\"@id\":\"https:\\\/\\\/gestuet-auchtert.de\\\/?page_id=143#breadcrumb\"},\"inLanguage\":\"de\",\"potentialAction\":[{\"@type\":\"ReadAction\",\"target\":[\"https:\\\/\\\/gestuet-auchtert.de\\\/?page_id=143\"]}]},{\"@type\":\"ImageObject\",\"inLanguage\":\"de\",\"@id\":\"https:\\\/\\\/gestuet-auchtert.de\\\/?page_id=143#primaryimage\",\"url\":\"https:\\\/\\\/gestuet-auchtert.de\\\/wp-content\\\/uploads\\\/2022\\\/01\\\/verkaufspferde.png\",\"contentUrl\":\"https:\\\/\\\/gestuet-auchtert.de\\\/wp-content\\\/uploads\\\/2022\\\/01\\\/verkaufspferde.png\",\"width\":492,\"height\":213},{\"@type\":\"BreadcrumbList\",\"@id\":\"https:\\\/\\\/gestuet-auchtert.de\\\/?page_id=143#breadcrumb\",\"itemListElement\":[{\"@type\":\"ListItem\",\"position\":1,\"name\":\"Startseite\",\"item\":\"https:\\\/\\\/gestuet-auchtert.de\\\/\"},{\"@type\":\"ListItem\",\"position\":2,\"name\":\"Verkaufspferde\"}]},{\"@type\":\"WebSite\",\"@id\":\"https:\\\/\\\/gestuet-auchtert.de\\\/#website\",\"url\":\"https:\\\/\\\/gestuet-auchtert.de\\\/\",\"name\":\"Islandpferdegest\u00fct Auchtert\",\"description\":\"\",\"publisher\":{\"@id\":\"https:\\\/\\\/gestuet-auchtert.de\\\/#organization\"},\"alternateName\":\"Gest\u00fct Auchtert\",\"potentialAction\":[{\"@type\":\"SearchAction\",\"target\":{\"@type\":\"EntryPoint\",\"urlTemplate\":\"https:\\\/\\\/gestuet-auchtert.de\\\/?s={search_term_string}\"},\"query-input\":{\"@type\":\"PropertyValueSpecification\",\"valueRequired\":true,\"valueName\":\"search_term_string\"}}],\"inLanguage\":\"de\"},{\"@type\":\"Organization\",\"@id\":\"https:\\\/\\\/gestuet-auchtert.de\\\/#organization\",\"name\":\"Gest\u00fct Auchtert\",\"url\":\"https:\\\/\\\/gestuet-auchtert.de\\\/\",\"logo\":{\"@type\":\"ImageObject\",\"inLanguage\":\"de\",\"@id\":\"https:\\\/\\\/gestuet-auchtert.de\\\/#\\\/schema\\\/logo\\\/image\\\/\",\"url\":\"https:\\\/\\\/gestuet-auchtert.de\\\/wp-content\\\/uploads\\\/2021\\\/12\\\/Logoschwarz.png\",\"contentUrl\":\"https:\\\/\\\/gestuet-auchtert.de\\\/wp-content\\\/uploads\\\/2021\\\/12\\\/Logoschwarz.png\",\"width\":500,\"height\":390,\"caption\":\"Gest\u00fct Auchtert\"},\"image\":{\"@id\":\"https:\\\/\\\/gestuet-auchtert.de\\\/#\\\/schema\\\/logo\\\/image\\\/\"},\"sameAs\":[\"https:\\\/\\\/www.facebook.com\\\/hestarkeppni\",\"https:\\\/\\\/www.instagram.com\\\/gestuetauchtert\"]}]}<\/script>\n<!-- \/ Yoast SEO plugin. -->","yoast_head_json":{"title":"Verkaufspferde","description":"Wir finden f\u00fcr Sie den besten Partner \u2013 f\u00fcr Ausritte, f\u00fcr den Turniersport oder f\u00fcr die Zucht.","robots":{"index":"index","follow":"follow","max-snippet":"max-snippet:-1","max-image-preview":"max-image-preview:large","max-video-preview":"max-video-preview:-1"},"canonical":"https:\/\/gestuet-auchtert.de\/?page_id=143","og_locale":"de_DE","og_type":"article","og_title":"Verkaufspferde","og_description":"Wir finden f\u00fcr Sie den besten Partner \u2013 f\u00fcr Ausritte, f\u00fcr den Turniersport oder f\u00fcr die Zucht.","og_url":"https:\/\/gestuet-auchtert.de\/?page_id=143","article_publisher":"https:\/\/www.facebook.com\/hestarkeppni","article_modified_time":"2022-02-27T08:54:17+00:00","og_image":[{"url":"http:\/\/gestuet-auchtert.de\/wp-content\/uploads\/2022\/01\/verkaufspferde.png","type":"","width":"","height":""}],"twitter_card":"summary_large_image","twitter_misc":{"Gesch\u00e4tzte Lesezeit":"2\u00a0Minuten"},"schema":{"@context":"https:\/\/schema.org","@graph":[{"@type":"WebPage","@id":"https:\/\/gestuet-auchtert.de\/?page_id=143","url":"https:\/\/gestuet-auchtert.de\/?page_id=143","name":"Verkaufspferde","isPartOf":{"@id":"https:\/\/gestuet-auchtert.de\/#website"},"primaryImageOfPage":{"@id":"https:\/\/gestuet-auchtert.de\/?page_id=143#primaryimage"},"image":{"@id":"https:\/\/gestuet-auchtert.de\/?page_id=143#primaryimage"},"thumbnailUrl":"http:\/\/gestuet-auchtert.de\/wp-content\/uploads\/2022\/01\/verkaufspferde.png","datePublished":"2022-01-03T11:04:14+00:00","dateModified":"2022-02-27T08:54:17+00:00","description":"Wir finden f\u00fcr Sie den besten Partner \u2013 f\u00fcr Ausritte, f\u00fcr den Turniersport oder f\u00fcr die Zucht.","breadcrumb":{"@id":"https:\/\/gestuet-auchtert.de\/?page_id=143#breadcrumb"},"inLanguage":"de","potentialAction":[{"@type":"ReadAction","target":["https:\/\/gestuet-auchtert.de\/?page_id=143"]}]},{"@type":"ImageObject","inLanguage":"de","@id":"https:\/\/gestuet-auchtert.de\/?page_id=143#primaryimage","url":"https:\/\/gestuet-auchtert.de\/wp-content\/uploads\/2022\/01\/verkaufspferde.png","contentUrl":"https:\/\/gestuet-auchtert.de\/wp-content\/uploads\/2022\/01\/verkaufspferde.png","width":492,"height":213},{"@type":"BreadcrumbList","@id":"https:\/\/gestuet-auchtert.de\/?page_id=143#breadcrumb","itemListElement":[{"@type":"ListItem","position":1,"name":"Startseite","item":"https:\/\/gestuet-auchtert.de\/"},{"@type":"ListItem","position":2,"name":"Verkaufspferde"}]},{"@type":"WebSite","@id":"https:\/\/gestuet-auchtert.de\/#website","url":"https:\/\/gestuet-auchtert.de\/","name":"Islandpferdegest\u00fct Auchtert","description":"","publisher":{"@id":"https:\/\/gestuet-auchtert.de\/#organization"},"alternateName":"Gest\u00fct Auchtert","potentialAction":[{"@type":"SearchAction","target":{"@type":"EntryPoint","urlTemplate":"https:\/\/gestuet-auchtert.de\/?s={search_term_string}"},"query-input":{"@type":"PropertyValueSpecification","valueRequired":true,"valueName":"search_term_string"}}],"inLanguage":"de"},{"@type":"Organization","@id":"https:\/\/gestuet-auchtert.de\/#organization","name":"Gest\u00fct Auchtert","url":"https:\/\/gestuet-auchtert.de\/","logo":{"@type":"ImageObject","inLanguage":"de","@id":"https:\/\/gestuet-auchtert.de\/#\/schema\/logo\/image\/","url":"https:\/\/gestuet-auchtert.de\/wp-content\/uploads\/2021\/12\/Logoschwarz.png","contentUrl":"https:\/\/gestuet-auchtert.de\/wp-content\/uploads\/2021\/12\/Logoschwarz.png","width":500,"height":390,"caption":"Gest\u00fct Auchtert"},"image":{"@id":"https:\/\/gestuet-auchtert.de\/#\/schema\/logo\/image\/"},"sameAs":["https:\/\/www.facebook.com\/hestarkeppni","https:\/\/www.instagram.com\/gestuetauchtert"]}]}},"_links":{"self":[{"href":"https:\/\/gestuet-auchtert.de\/index.php?rest_route=\/wp\/v2\/pages\/143","targetHints":{"allow":["GET"]}}],"collection":[{"href":"https:\/\/gestuet-auchtert.de\/index.php?rest_route=\/wp\/v2\/pages"}],"about":[{"href":"https:\/\/gestuet-auchtert.de\/index.php?rest_route=\/wp\/v2\/types\/page"}],"author":[{"embeddable":true,"href":"https:\/\/gestuet-auchtert.de\/index.php?rest_route=\/wp\/v2\/users\/2"}],"replies":[{"embeddable":true,"href":"https:\/\/gestuet-auchtert.de\/index.php?rest_route=%2Fwp%2Fv2%2Fcomments&post=143"}],"version-history":[{"count":0,"href":"https:\/\/gestuet-auchtert.de\/index.php?rest_route=\/wp\/v2\/pages\/143\/revisions"}],"wp:attachment":[{"href":"https:\/\/gestuet-auchtert.de\/index.php?rest_route=%2Fwp%2Fv2%2Fmedia&parent=143"}],"curies":[{"name":"wp","href":"https:\/\/api.w.org\/{rel}","templated":true}]}}