{"id":1561,"date":"2022-01-17T09:38:08","date_gmt":"2022-01-17T09:38:08","guid":{"rendered":"http:\/\/gestuet-auchtert.de\/?page_id=1561"},"modified":"2025-11-01T20:12:22","modified_gmt":"2025-11-01T20:12:22","slug":"kursanmeldung","status":"publish","type":"page","link":"https:\/\/gestuet-auchtert.de\/?page_id=1561","title":{"rendered":"Kurs Anmeldung"},"content":{"rendered":"\n<div class=\"wp-block-ps2id-block-target\" id=\"anmeldung\"><\/div>\n\n\n\n<div style=\"height:50px\" aria-hidden=\"true\" class=\"wp-block-spacer\"><\/div>\n\n\n<div class=\"wp-block-image\">\n<figure class=\"aligncenter size-full is-resized\"><img loading=\"lazy\" decoding=\"async\" width=\"622\" height=\"232\" src=\"http:\/\/gestuet-auchtert.de\/wp-content\/uploads\/2022\/01\/KursAnmeldung-2.png\" alt=\"\" class=\"wp-image-1562\" style=\"width:292px;height:109px\" srcset=\"https:\/\/gestuet-auchtert.de\/wp-content\/uploads\/2022\/01\/KursAnmeldung-2.png 622w, https:\/\/gestuet-auchtert.de\/wp-content\/uploads\/2022\/01\/KursAnmeldung-2-300x112.png 300w\" sizes=\"auto, (max-width: 622px) 100vw, 622px\" \/><\/figure>\n<\/div>\n\n\n<div style=\"height:40px\" aria-hidden=\"true\" class=\"wp-block-spacer\"><\/div>\n\n\n\n<div class=\"wpcf7 no-js\" id=\"wpcf7-f1560-o1\" lang=\"de-DE\" dir=\"ltr\" data-wpcf7-id=\"1560\">\n<div class=\"screen-reader-response\"><p role=\"status\" aria-live=\"polite\" aria-atomic=\"true\"><\/p> <ul><\/ul><\/div>\n<form action=\"\/index.php?rest_route=%2Fwp%2Fv2%2Fpages%2F1561#wpcf7-f1560-o1\" method=\"post\" class=\"wpcf7-form init\" aria-label=\"Kontaktformular\" novalidate=\"novalidate\" data-status=\"init\">\n<fieldset class=\"hidden-fields-container\"><input type=\"hidden\" name=\"_wpcf7\" value=\"1560\" \/><input type=\"hidden\" name=\"_wpcf7_version\" value=\"6.1.5\" \/><input type=\"hidden\" name=\"_wpcf7_locale\" value=\"de_DE\" \/><input type=\"hidden\" name=\"_wpcf7_unit_tag\" value=\"wpcf7-f1560-o1\" \/><input type=\"hidden\" name=\"_wpcf7_container_post\" value=\"0\" \/><input type=\"hidden\" name=\"_wpcf7_posted_data_hash\" value=\"\" \/>\n<\/fieldset>\n<p><label>Name<br \/>\n<span class=\"wpcf7-form-control-wrap\" data-name=\"dername\"><input size=\"40\" maxlength=\"400\" minlength=\"1\" class=\"wpcf7-form-control wpcf7-text wpcf7-validates-as-required\" aria-required=\"true\" aria-invalid=\"false\" value=\"\" type=\"text\" name=\"dername\" \/><\/span><\/label>\n<\/p>\n<p><label>Adresse<br \/>\n<span class=\"wpcf7-form-control-wrap\" data-name=\"dieadresse\"><input size=\"40\" maxlength=\"400\" minlength=\"1\" class=\"wpcf7-form-control wpcf7-text wpcf7-validates-as-required\" aria-required=\"true\" aria-invalid=\"false\" value=\"\" type=\"text\" name=\"dieadresse\" \/><\/span><\/label>\n<\/p>\n<p><label>E-Mail Adresse<br \/>\n<span class=\"wpcf7-form-control-wrap\" data-name=\"dieemail\"><input size=\"40\" maxlength=\"400\" minlength=\"1\" class=\"wpcf7-form-control wpcf7-email wpcf7-validates-as-required wpcf7-text wpcf7-validates-as-email\" aria-required=\"true\" aria-invalid=\"false\" value=\"\" type=\"email\" name=\"dieemail\" \/><\/span><\/label>\n<\/p>\n<p><label>Telefonnummer<br \/>\n<span class=\"wpcf7-form-control-wrap\" data-name=\"dietelefonnummer\"><input size=\"40\" maxlength=\"400\" minlength=\"1\" class=\"wpcf7-form-control wpcf7-tel wpcf7-validates-as-required wpcf7-text wpcf7-validates-as-tel\" aria-required=\"true\" aria-invalid=\"false\" value=\"\" type=\"tel\" name=\"dietelefonnummer\" \/><\/span><\/label>\n<\/p>\n<p><label>Kurs<br \/>\n<span class=\"wpcf7-form-control-wrap\" data-name=\"derkurs\"><input size=\"40\" maxlength=\"400\" minlength=\"1\" class=\"wpcf7-form-control wpcf7-text wpcf7-validates-as-required\" aria-required=\"true\" aria-invalid=\"false\" value=\"\" type=\"text\" name=\"derkurs\" \/><\/span><\/label>\n<\/p>\n<p><label>Ich bringe folgende Anzahl an Pferden mit<br \/>\n<span class=\"wpcf7-form-control-wrap\" data-name=\"Pferdeanzahl\"><input class=\"wpcf7-form-control wpcf7-number wpcf7-validates-as-required wpcf7-validates-as-number\" min=\"0\" max=\"10\" aria-required=\"true\" aria-invalid=\"false\" value=\"1\" type=\"number\" name=\"Pferdeanzahl\" \/><\/span> <\/label><br \/>\n<label>Anreisedatum<br \/>\n<span class=\"wpcf7-form-control-wrap\" data-name=\"Anreisedatum\"><input class=\"wpcf7-form-control wpcf7-date wpcf7-validates-as-required wpcf7-validates-as-date\" aria-required=\"true\" aria-invalid=\"false\" value=\"\" type=\"date\" name=\"Anreisedatum\" \/><\/span><\/label>\n<\/p>\n<p><label>Da nur eine begrenzte Anzahl an \u00dcbernachtungsm\u00f6glichkeiten am Hof zur Verf\u00fcgung stehen, bitte bei Ankreuzen der \u00dcbernachtung im Fass auf die Best\u00e4tigungs Email achten.<br \/>\n<span class=\"wpcf7-form-control-wrap\" data-name=\"Fass\"><span class=\"wpcf7-form-control wpcf7-checkbox\"><span class=\"wpcf7-list-item first last\"><label><input type=\"checkbox\" name=\"Fass[]\" value=\"\u00dcbernachtung im Fass\" \/><span class=\"wpcf7-list-item-label\">\u00dcbernachtung im Fass<\/span><\/label><\/span><\/span><\/span><\/label>\n<\/p>\n<p><label>Deine Nachricht (optional)<br \/>\n<span class=\"wpcf7-form-control-wrap\" data-name=\"dienachricht\"><textarea cols=\"40\" rows=\"10\" maxlength=\"2000\" class=\"wpcf7-form-control wpcf7-textarea\" aria-invalid=\"false\" name=\"dienachricht\"><\/textarea><\/span> <\/label>\n<\/p>\n<p><input class=\"wpcf7-form-control wpcf7-submit has-spinner\" type=\"submit\" value=\"Senden\" \/>\n<\/p><div class=\"wpcf7-response-output\" aria-hidden=\"true\"><\/div>\n<\/form>\n<\/div>\n\n","protected":false},"excerpt":{"rendered":"","protected":false},"author":2,"featured_media":0,"parent":0,"menu_order":0,"comment_status":"closed","ping_status":"closed","template":"","meta":{"_mc_calendar":[],"footnotes":""},"class_list":["post-1561","page","type-page","status-publish","hentry"],"yoast_head":"<!-- This site is optimized with the Yoast SEO plugin v27.4 - https:\/\/yoast.com\/product\/yoast-seo-wordpress\/ -->\n<title>Kurs Anmeldung<\/title>\n<meta name=\"description\" content=\"Hier findet ihr alle wichtigen Informationen f\u00fcr die Kursanmeldung und k\u00f6nnt \u00fcber unser Formular Kontakt aufnehmen.\" \/>\n<meta name=\"robots\" content=\"index, follow, max-snippet:-1, max-image-preview:large, max-video-preview:-1\" \/>\n<link rel=\"canonical\" href=\"https:\/\/gestuet-auchtert.de\/?page_id=1561\" \/>\n<meta property=\"og:locale\" content=\"de_DE\" \/>\n<meta property=\"og:type\" content=\"article\" \/>\n<meta property=\"og:title\" content=\"Kurs Anmeldung\" \/>\n<meta property=\"og:description\" content=\"Hier findet ihr alle wichtigen Informationen f\u00fcr die Kursanmeldung und k\u00f6nnt \u00fcber unser Formular Kontakt aufnehmen.\" \/>\n<meta property=\"og:url\" content=\"https:\/\/gestuet-auchtert.de\/?page_id=1561\" \/>\n<meta property=\"article:publisher\" content=\"https:\/\/www.facebook.com\/hestarkeppni\" \/>\n<meta property=\"article:modified_time\" content=\"2025-11-01T20:12:22+00:00\" \/>\n<meta property=\"og:image\" content=\"https:\/\/gestuet-auchtert.de\/wp-content\/uploads\/2022\/01\/KursAnmeldung-2.png\" \/>\n\t<meta property=\"og:image:width\" content=\"622\" \/>\n\t<meta property=\"og:image:height\" content=\"232\" \/>\n\t<meta property=\"og:image:type\" content=\"image\/png\" \/>\n<meta name=\"twitter:card\" content=\"summary_large_image\" \/>\n<meta name=\"twitter:label1\" content=\"Gesch\u00e4tzte Lesezeit\" \/>\n\t<meta name=\"twitter:data1\" content=\"1\u00a0Minute\" \/>\n<script type=\"application\/ld+json\" class=\"yoast-schema-graph\">{\"@context\":\"https:\\\/\\\/schema.org\",\"@graph\":[{\"@type\":\"WebPage\",\"@id\":\"https:\\\/\\\/gestuet-auchtert.de\\\/?page_id=1561\",\"url\":\"https:\\\/\\\/gestuet-auchtert.de\\\/?page_id=1561\",\"name\":\"Kurs Anmeldung\",\"isPartOf\":{\"@id\":\"https:\\\/\\\/gestuet-auchtert.de\\\/#website\"},\"primaryImageOfPage\":{\"@id\":\"https:\\\/\\\/gestuet-auchtert.de\\\/?page_id=1561#primaryimage\"},\"image\":{\"@id\":\"https:\\\/\\\/gestuet-auchtert.de\\\/?page_id=1561#primaryimage\"},\"thumbnailUrl\":\"http:\\\/\\\/gestuet-auchtert.de\\\/wp-content\\\/uploads\\\/2022\\\/01\\\/KursAnmeldung-2.png\",\"datePublished\":\"2022-01-17T09:38:08+00:00\",\"dateModified\":\"2025-11-01T20:12:22+00:00\",\"description\":\"Hier findet ihr alle wichtigen Informationen f\u00fcr die Kursanmeldung und k\u00f6nnt \u00fcber unser Formular Kontakt aufnehmen.\",\"breadcrumb\":{\"@id\":\"https:\\\/\\\/gestuet-auchtert.de\\\/?page_id=1561#breadcrumb\"},\"inLanguage\":\"de\",\"potentialAction\":[{\"@type\":\"ReadAction\",\"target\":[\"https:\\\/\\\/gestuet-auchtert.de\\\/?page_id=1561\"]}]},{\"@type\":\"ImageObject\",\"inLanguage\":\"de\",\"@id\":\"https:\\\/\\\/gestuet-auchtert.de\\\/?page_id=1561#primaryimage\",\"url\":\"https:\\\/\\\/gestuet-auchtert.de\\\/wp-content\\\/uploads\\\/2022\\\/01\\\/KursAnmeldung-2.png\",\"contentUrl\":\"https:\\\/\\\/gestuet-auchtert.de\\\/wp-content\\\/uploads\\\/2022\\\/01\\\/KursAnmeldung-2.png\",\"width\":622,\"height\":232},{\"@type\":\"BreadcrumbList\",\"@id\":\"https:\\\/\\\/gestuet-auchtert.de\\\/?page_id=1561#breadcrumb\",\"itemListElement\":[{\"@type\":\"ListItem\",\"position\":1,\"name\":\"Startseite\",\"item\":\"https:\\\/\\\/gestuet-auchtert.de\\\/\"},{\"@type\":\"ListItem\",\"position\":2,\"name\":\"Kurs Anmeldung\"}]},{\"@type\":\"WebSite\",\"@id\":\"https:\\\/\\\/gestuet-auchtert.de\\\/#website\",\"url\":\"https:\\\/\\\/gestuet-auchtert.de\\\/\",\"name\":\"Islandpferdegest\u00fct Auchtert\",\"description\":\"\",\"publisher\":{\"@id\":\"https:\\\/\\\/gestuet-auchtert.de\\\/#organization\"},\"alternateName\":\"Gest\u00fct Auchtert\",\"potentialAction\":[{\"@type\":\"SearchAction\",\"target\":{\"@type\":\"EntryPoint\",\"urlTemplate\":\"https:\\\/\\\/gestuet-auchtert.de\\\/?s={search_term_string}\"},\"query-input\":{\"@type\":\"PropertyValueSpecification\",\"valueRequired\":true,\"valueName\":\"search_term_string\"}}],\"inLanguage\":\"de\"},{\"@type\":\"Organization\",\"@id\":\"https:\\\/\\\/gestuet-auchtert.de\\\/#organization\",\"name\":\"Gest\u00fct Auchtert\",\"url\":\"https:\\\/\\\/gestuet-auchtert.de\\\/\",\"logo\":{\"@type\":\"ImageObject\",\"inLanguage\":\"de\",\"@id\":\"https:\\\/\\\/gestuet-auchtert.de\\\/#\\\/schema\\\/logo\\\/image\\\/\",\"url\":\"https:\\\/\\\/gestuet-auchtert.de\\\/wp-content\\\/uploads\\\/2021\\\/12\\\/Logoschwarz.png\",\"contentUrl\":\"https:\\\/\\\/gestuet-auchtert.de\\\/wp-content\\\/uploads\\\/2021\\\/12\\\/Logoschwarz.png\",\"width\":500,\"height\":390,\"caption\":\"Gest\u00fct Auchtert\"},\"image\":{\"@id\":\"https:\\\/\\\/gestuet-auchtert.de\\\/#\\\/schema\\\/logo\\\/image\\\/\"},\"sameAs\":[\"https:\\\/\\\/www.facebook.com\\\/hestarkeppni\",\"https:\\\/\\\/www.instagram.com\\\/gestuetauchtert\"]}]}<\/script>\n<!-- \/ Yoast SEO plugin. -->","yoast_head_json":{"title":"Kurs Anmeldung","description":"Hier findet ihr alle wichtigen Informationen f\u00fcr die Kursanmeldung und k\u00f6nnt \u00fcber unser Formular Kontakt aufnehmen.","robots":{"index":"index","follow":"follow","max-snippet":"max-snippet:-1","max-image-preview":"max-image-preview:large","max-video-preview":"max-video-preview:-1"},"canonical":"https:\/\/gestuet-auchtert.de\/?page_id=1561","og_locale":"de_DE","og_type":"article","og_title":"Kurs Anmeldung","og_description":"Hier findet ihr alle wichtigen Informationen f\u00fcr die Kursanmeldung und k\u00f6nnt \u00fcber unser Formular Kontakt aufnehmen.","og_url":"https:\/\/gestuet-auchtert.de\/?page_id=1561","article_publisher":"https:\/\/www.facebook.com\/hestarkeppni","article_modified_time":"2025-11-01T20:12:22+00:00","og_image":[{"width":622,"height":232,"url":"https:\/\/gestuet-auchtert.de\/wp-content\/uploads\/2022\/01\/KursAnmeldung-2.png","type":"image\/png"}],"twitter_card":"summary_large_image","twitter_misc":{"Gesch\u00e4tzte Lesezeit":"1\u00a0Minute"},"schema":{"@context":"https:\/\/schema.org","@graph":[{"@type":"WebPage","@id":"https:\/\/gestuet-auchtert.de\/?page_id=1561","url":"https:\/\/gestuet-auchtert.de\/?page_id=1561","name":"Kurs Anmeldung","isPartOf":{"@id":"https:\/\/gestuet-auchtert.de\/#website"},"primaryImageOfPage":{"@id":"https:\/\/gestuet-auchtert.de\/?page_id=1561#primaryimage"},"image":{"@id":"https:\/\/gestuet-auchtert.de\/?page_id=1561#primaryimage"},"thumbnailUrl":"http:\/\/gestuet-auchtert.de\/wp-content\/uploads\/2022\/01\/KursAnmeldung-2.png","datePublished":"2022-01-17T09:38:08+00:00","dateModified":"2025-11-01T20:12:22+00:00","description":"Hier findet ihr alle wichtigen Informationen f\u00fcr die Kursanmeldung und k\u00f6nnt \u00fcber unser Formular Kontakt aufnehmen.","breadcrumb":{"@id":"https:\/\/gestuet-auchtert.de\/?page_id=1561#breadcrumb"},"inLanguage":"de","potentialAction":[{"@type":"ReadAction","target":["https:\/\/gestuet-auchtert.de\/?page_id=1561"]}]},{"@type":"ImageObject","inLanguage":"de","@id":"https:\/\/gestuet-auchtert.de\/?page_id=1561#primaryimage","url":"https:\/\/gestuet-auchtert.de\/wp-content\/uploads\/2022\/01\/KursAnmeldung-2.png","contentUrl":"https:\/\/gestuet-auchtert.de\/wp-content\/uploads\/2022\/01\/KursAnmeldung-2.png","width":622,"height":232},{"@type":"BreadcrumbList","@id":"https:\/\/gestuet-auchtert.de\/?page_id=1561#breadcrumb","itemListElement":[{"@type":"ListItem","position":1,"name":"Startseite","item":"https:\/\/gestuet-auchtert.de\/"},{"@type":"ListItem","position":2,"name":"Kurs Anmeldung"}]},{"@type":"WebSite","@id":"https:\/\/gestuet-auchtert.de\/#website","url":"https:\/\/gestuet-auchtert.de\/","name":"Islandpferdegest\u00fct Auchtert","description":"","publisher":{"@id":"https:\/\/gestuet-auchtert.de\/#organization"},"alternateName":"Gest\u00fct Auchtert","potentialAction":[{"@type":"SearchAction","target":{"@type":"EntryPoint","urlTemplate":"https:\/\/gestuet-auchtert.de\/?s={search_term_string}"},"query-input":{"@type":"PropertyValueSpecification","valueRequired":true,"valueName":"search_term_string"}}],"inLanguage":"de"},{"@type":"Organization","@id":"https:\/\/gestuet-auchtert.de\/#organization","name":"Gest\u00fct Auchtert","url":"https:\/\/gestuet-auchtert.de\/","logo":{"@type":"ImageObject","inLanguage":"de","@id":"https:\/\/gestuet-auchtert.de\/#\/schema\/logo\/image\/","url":"https:\/\/gestuet-auchtert.de\/wp-content\/uploads\/2021\/12\/Logoschwarz.png","contentUrl":"https:\/\/gestuet-auchtert.de\/wp-content\/uploads\/2021\/12\/Logoschwarz.png","width":500,"height":390,"caption":"Gest\u00fct Auchtert"},"image":{"@id":"https:\/\/gestuet-auchtert.de\/#\/schema\/logo\/image\/"},"sameAs":["https:\/\/www.facebook.com\/hestarkeppni","https:\/\/www.instagram.com\/gestuetauchtert"]}]}},"_links":{"self":[{"href":"https:\/\/gestuet-auchtert.de\/index.php?rest_route=\/wp\/v2\/pages\/1561","targetHints":{"allow":["GET"]}}],"collection":[{"href":"https:\/\/gestuet-auchtert.de\/index.php?rest_route=\/wp\/v2\/pages"}],"about":[{"href":"https:\/\/gestuet-auchtert.de\/index.php?rest_route=\/wp\/v2\/types\/page"}],"author":[{"embeddable":true,"href":"https:\/\/gestuet-auchtert.de\/index.php?rest_route=\/wp\/v2\/users\/2"}],"replies":[{"embeddable":true,"href":"https:\/\/gestuet-auchtert.de\/index.php?rest_route=%2Fwp%2Fv2%2Fcomments&post=1561"}],"version-history":[{"count":0,"href":"https:\/\/gestuet-auchtert.de\/index.php?rest_route=\/wp\/v2\/pages\/1561\/revisions"}],"wp:attachment":[{"href":"https:\/\/gestuet-auchtert.de\/index.php?rest_route=%2Fwp%2Fv2%2Fmedia&parent=1561"}],"curies":[{"name":"wp","href":"https:\/\/api.w.org\/{rel}","templated":true}]}}