{"id":2172,"date":"2022-01-29T18:31:54","date_gmt":"2022-01-29T18:31:54","guid":{"rendered":"http:\/\/gestuet-auchtert.de\/?page_id=2172"},"modified":"2025-11-01T20:06:26","modified_gmt":"2025-11-01T20:06:26","slug":"agb","status":"publish","type":"page","link":"https:\/\/gestuet-auchtert.de\/?page_id=2172","title":{"rendered":"AGB"},"content":{"rendered":"\n<div class=\"wp-block-ps2id-block-target\" id=\"agb\"><\/div>\n\n\n\n<figure class=\"wp-block-image size-full is-resized\"><img loading=\"lazy\" decoding=\"async\" src=\"http:\/\/gestuet-auchtert.de\/wp-content\/uploads\/2022\/01\/agb.png\" alt=\"\" class=\"wp-image-2174\" width=\"207\" height=\"150\"\/><\/figure>\n\n\n\n<div style=\"height:80px\" aria-hidden=\"true\" class=\"wp-block-spacer\"><\/div>\n\n\n\n<p><\/p>\n\n\n\n<h2 class=\"ticss-941f5af7 wp-block-heading\" id=\"anmeldung-und-geschaftsbedingungen\"><strong>Anmeldung und Gesch\u00e4ftsbedingungen<\/strong><\/h2>\n\n\n\n<p class=\"ticss-04748a4c has-medium-font-size\">Als Anmeldegeb\u00fchr wird ein Betrag von \u20ac 50,00 pro Person erhoben, der auf die Lehrgangsgeb\u00fchren angerechnet wird. Bei Nichtteilnahme gilt die Anmeldegeb\u00fchr als Bearbeitungsgeb\u00fchr. Die An- und Abmeldung muss schriftlich erfolgen. Da sich kurzfristig kaum ein Teilnehmer ersetzen l\u00e4sst, sind bei Abmeldung ab dem 30. Tag 50% und ab dem 15. Tag vor Lehrgangsbeginn 80% der Lehrgangsgeb\u00fchr zu zahlen. Wir empfehlen den Abschluss einer Reiser\u00fccktrittsversicherung.<\/p>\n\n\n\n<h2 class=\"ticss-0157ec65 wp-block-heading\" id=\"haftungsausschluss\"><br><strong>Haftungsausschluss<\/strong><\/h2>\n\n\n\n<p class=\"ticss-7d784dc5 has-medium-font-size\">&#8222;Ich erkenne an, dass meine Teilnahme auf eigene Gefahr erfolgt; insbesondere bin ich darauf hingewiesen worden, dass der Veranstalter und der Leiter f\u00fcr Unf\u00e4lle, die ich w\u00e4hrend der Zeit meines Aufenthaltes im Stall und auf dem Reitgel\u00e4nde, sowie sonst im Zusammenhang mit der Aus\u00fcbung des Reitsports erleide, eine Haftung nur insoweit \u00fcbernehmen, als hier f\u00fcr Versicherungsschutz besteht, bzw. der Schaden auf Vorsatz oder grober Fahrl\u00e4ssigkeit der verantwortlichen Person beruht. Ich erlaube meinem Kind, an Ausfl\u00fcgen teilzunehmen und in \u00f6ffentlichen B\u00e4dern Schwimmen zu gehen.&#8220;<\/p>\n\n\n\n<p class=\"ticss-b4fb72bb has-medium-font-size\">In regelm\u00e4\u00dfigen Abst\u00e4nden ver\u00f6ffentlichen wir auf unserer Homepage www.gestuet-auchtert.de kleinere Videobeitr\u00e4ge. Sollten Sie nicht damit einverstanden sein, dass in diesem Zusammenhang Filmmaterial von Ihnen im Internet ver\u00f6ffentlicht wird, bitten wir um Mitteilung bei Anreise.<\/p>\n\n\n\n<h2 class=\"ticss-46454527 wp-block-heading\" id=\"zahlung\"><br><strong>Zahlung<\/strong><\/h2>\n\n\n\n<p class=\"ticss-4c345727 has-medium-font-size\">Die restlichen Geb\u00fchren werden zum Anfang oder zum Ende des Aufenthaltes bar oder per EC-Karte f\u00e4llig. Sollten Sie Ihre Kinder nicht selbst zu uns bringen oder abholen k\u00f6nnen, fordern Sie bitte vorher die Rechnung an und senden Sie uns den entsprechenden Betrag per Scheck oder \u00dcberweisung.<\/p>\n\n\n\n<h2 class=\"ticss-6d47f3a2 wp-block-heading\" id=\"bankverbindung-gestut-auchtert\"><br><strong>Bankverbindung Gest\u00fct Auchtert<\/strong><\/h2>\n\n\n\n<p class=\"ticss-d75a555c\"><br><br><\/p>\n\n\n\n<p><\/p>\n\n\n\n<p class=\"ticss-d75a555c\">Jens F\u00fcchtenschnieder<br>Sparkasse Gaggenau Baden-Baden<br><strong>BIC<\/strong> SOLADES1BAD<br><strong>IBAN<\/strong> DE19 6625 0030 0050 0118 57<br><\/p>\n","protected":false},"excerpt":{"rendered":"<p>Anmeldung und Gesch\u00e4ftsbedingungen Als Anmeldegeb\u00fchr wird ein Betrag von \u20ac 50,00 pro Person erhoben, der auf die Lehrgangsgeb\u00fchren angerechnet wird. Bei Nichtteilnahme gilt die Anmeldegeb\u00fchr als Bearbeitungsgeb\u00fchr. Die An- und Abmeldung muss schriftlich erfolgen. Da sich kurzfristig kaum ein Teilnehmer ersetzen l\u00e4sst, sind bei Abmeldung ab dem 30. Tag 50% und ab dem 15. Tag vor Lehrgangsbeginn 80% der Lehrgangsgeb\u00fchr zu zahlen. Wir empfehlen den Abschluss einer Reiser\u00fccktrittsversicherung. Haftungsausschluss &#8222;Ich erkenne an, dass meine Teilnahme auf eigene Gefahr erfolgt; insbesondere bin ich darauf hingewiesen worden, dass der Veranstalter und der Leiter f\u00fcr Unf\u00e4lle, die ich w\u00e4hrend der Zeit meines Aufenthaltes im Stall und auf dem Reitgel\u00e4nde, sowie sonst im Zusammenhang mit der Aus\u00fcbung des Reitsports erleide, eine Haftung nur insoweit \u00fcbernehmen, als hier f\u00fcr Versicherungsschutz besteht, bzw. der Schaden auf Vorsatz oder grober Fahrl\u00e4ssigkeit der verantwortlichen Person beruht. Ich erlaube meinem Kind, an Ausfl\u00fcgen teilzunehmen und in \u00f6ffentlichen B\u00e4dern Schwimmen zu gehen.&#8220; In regelm\u00e4\u00dfigen Abst\u00e4nden ver\u00f6ffentlichen wir auf unserer Homepage www.gestuet-auchtert.de kleinere Videobeitr\u00e4ge. Sollten Sie nicht damit einverstanden sein, dass in diesem Zusammenhang Filmmaterial von Ihnen im Internet ver\u00f6ffentlicht wird, bitten wir um Mitteilung bei Anreise. Zahlung Die restlichen Geb\u00fchren werden zum Anfang oder zum Ende des Aufenthaltes bar oder per EC-Karte f\u00e4llig. Sollten Sie Ihre Kinder nicht selbst zu uns bringen oder abholen k\u00f6nnen, fordern Sie bitte vorher die Rechnung an und senden Sie uns den entsprechenden Betrag per Scheck oder \u00dcberweisung. Bankverbindung Gest\u00fct Auchtert Jens F\u00fcchtenschniederSparkasse Gaggenau Baden-BadenBIC SOLADES1BADIBAN DE19 6625 0030 0050 0118 57<\/p>\n","protected":false},"author":2,"featured_media":0,"parent":0,"menu_order":0,"comment_status":"closed","ping_status":"closed","template":"","meta":{"_mc_calendar":[],"footnotes":""},"class_list":["post-2172","page","type-page","status-publish","hentry"],"yoast_head":"<!-- This site is optimized with the Yoast SEO plugin v27.4 - https:\/\/yoast.com\/product\/yoast-seo-wordpress\/ -->\n<title>AGB<\/title>\n<meta name=\"description\" content=\"Hier findet ihr unsere AGBs des Islandpferdegest\u00fcts Auchtert.\" \/>\n<meta name=\"robots\" content=\"index, follow, max-snippet:-1, max-image-preview:large, max-video-preview:-1\" \/>\n<link rel=\"canonical\" href=\"https:\/\/gestuet-auchtert.de\/?page_id=2172\" \/>\n<meta property=\"og:locale\" content=\"de_DE\" \/>\n<meta property=\"og:type\" content=\"article\" \/>\n<meta property=\"og:title\" content=\"AGB\" \/>\n<meta property=\"og:description\" content=\"Hier findet ihr unsere AGBs des Islandpferdegest\u00fcts Auchtert.\" \/>\n<meta property=\"og:url\" content=\"https:\/\/gestuet-auchtert.de\/?page_id=2172\" \/>\n<meta property=\"article:publisher\" content=\"https:\/\/www.facebook.com\/hestarkeppni\" \/>\n<meta property=\"article:modified_time\" content=\"2025-11-01T20:06:26+00:00\" \/>\n<meta property=\"og:image\" content=\"https:\/\/gestuet-auchtert.de\/wp-content\/uploads\/2022\/01\/agb.png\" \/>\n\t<meta property=\"og:image:width\" content=\"188\" \/>\n\t<meta property=\"og:image:height\" content=\"136\" \/>\n\t<meta property=\"og:image:type\" content=\"image\/png\" \/>\n<meta name=\"twitter:card\" content=\"summary_large_image\" \/>\n<meta name=\"twitter:label1\" content=\"Gesch\u00e4tzte Lesezeit\" \/>\n\t<meta name=\"twitter:data1\" content=\"2\u00a0Minuten\" \/>\n<script type=\"application\/ld+json\" class=\"yoast-schema-graph\">{\"@context\":\"https:\\\/\\\/schema.org\",\"@graph\":[{\"@type\":\"WebPage\",\"@id\":\"https:\\\/\\\/gestuet-auchtert.de\\\/?page_id=2172\",\"url\":\"https:\\\/\\\/gestuet-auchtert.de\\\/?page_id=2172\",\"name\":\"AGB\",\"isPartOf\":{\"@id\":\"https:\\\/\\\/gestuet-auchtert.de\\\/#website\"},\"primaryImageOfPage\":{\"@id\":\"https:\\\/\\\/gestuet-auchtert.de\\\/?page_id=2172#primaryimage\"},\"image\":{\"@id\":\"https:\\\/\\\/gestuet-auchtert.de\\\/?page_id=2172#primaryimage\"},\"thumbnailUrl\":\"http:\\\/\\\/gestuet-auchtert.de\\\/wp-content\\\/uploads\\\/2022\\\/01\\\/agb.png\",\"datePublished\":\"2022-01-29T18:31:54+00:00\",\"dateModified\":\"2025-11-01T20:06:26+00:00\",\"description\":\"Hier findet ihr unsere AGBs des Islandpferdegest\u00fcts Auchtert.\",\"breadcrumb\":{\"@id\":\"https:\\\/\\\/gestuet-auchtert.de\\\/?page_id=2172#breadcrumb\"},\"inLanguage\":\"de\",\"potentialAction\":[{\"@type\":\"ReadAction\",\"target\":[\"https:\\\/\\\/gestuet-auchtert.de\\\/?page_id=2172\"]}]},{\"@type\":\"ImageObject\",\"inLanguage\":\"de\",\"@id\":\"https:\\\/\\\/gestuet-auchtert.de\\\/?page_id=2172#primaryimage\",\"url\":\"https:\\\/\\\/gestuet-auchtert.de\\\/wp-content\\\/uploads\\\/2022\\\/01\\\/agb.png\",\"contentUrl\":\"https:\\\/\\\/gestuet-auchtert.de\\\/wp-content\\\/uploads\\\/2022\\\/01\\\/agb.png\",\"width\":188,\"height\":136},{\"@type\":\"BreadcrumbList\",\"@id\":\"https:\\\/\\\/gestuet-auchtert.de\\\/?page_id=2172#breadcrumb\",\"itemListElement\":[{\"@type\":\"ListItem\",\"position\":1,\"name\":\"Startseite\",\"item\":\"https:\\\/\\\/gestuet-auchtert.de\\\/\"},{\"@type\":\"ListItem\",\"position\":2,\"name\":\"AGB\"}]},{\"@type\":\"WebSite\",\"@id\":\"https:\\\/\\\/gestuet-auchtert.de\\\/#website\",\"url\":\"https:\\\/\\\/gestuet-auchtert.de\\\/\",\"name\":\"Islandpferdegest\u00fct Auchtert\",\"description\":\"\",\"publisher\":{\"@id\":\"https:\\\/\\\/gestuet-auchtert.de\\\/#organization\"},\"alternateName\":\"Gest\u00fct Auchtert\",\"potentialAction\":[{\"@type\":\"SearchAction\",\"target\":{\"@type\":\"EntryPoint\",\"urlTemplate\":\"https:\\\/\\\/gestuet-auchtert.de\\\/?s={search_term_string}\"},\"query-input\":{\"@type\":\"PropertyValueSpecification\",\"valueRequired\":true,\"valueName\":\"search_term_string\"}}],\"inLanguage\":\"de\"},{\"@type\":\"Organization\",\"@id\":\"https:\\\/\\\/gestuet-auchtert.de\\\/#organization\",\"name\":\"Gest\u00fct Auchtert\",\"url\":\"https:\\\/\\\/gestuet-auchtert.de\\\/\",\"logo\":{\"@type\":\"ImageObject\",\"inLanguage\":\"de\",\"@id\":\"https:\\\/\\\/gestuet-auchtert.de\\\/#\\\/schema\\\/logo\\\/image\\\/\",\"url\":\"https:\\\/\\\/gestuet-auchtert.de\\\/wp-content\\\/uploads\\\/2021\\\/12\\\/Logoschwarz.png\",\"contentUrl\":\"https:\\\/\\\/gestuet-auchtert.de\\\/wp-content\\\/uploads\\\/2021\\\/12\\\/Logoschwarz.png\",\"width\":500,\"height\":390,\"caption\":\"Gest\u00fct Auchtert\"},\"image\":{\"@id\":\"https:\\\/\\\/gestuet-auchtert.de\\\/#\\\/schema\\\/logo\\\/image\\\/\"},\"sameAs\":[\"https:\\\/\\\/www.facebook.com\\\/hestarkeppni\",\"https:\\\/\\\/www.instagram.com\\\/gestuetauchtert\"]}]}<\/script>\n<!-- \/ Yoast SEO plugin. -->","yoast_head_json":{"title":"AGB","description":"Hier findet ihr unsere AGBs des Islandpferdegest\u00fcts Auchtert.","robots":{"index":"index","follow":"follow","max-snippet":"max-snippet:-1","max-image-preview":"max-image-preview:large","max-video-preview":"max-video-preview:-1"},"canonical":"https:\/\/gestuet-auchtert.de\/?page_id=2172","og_locale":"de_DE","og_type":"article","og_title":"AGB","og_description":"Hier findet ihr unsere AGBs des Islandpferdegest\u00fcts Auchtert.","og_url":"https:\/\/gestuet-auchtert.de\/?page_id=2172","article_publisher":"https:\/\/www.facebook.com\/hestarkeppni","article_modified_time":"2025-11-01T20:06:26+00:00","og_image":[{"width":188,"height":136,"url":"https:\/\/gestuet-auchtert.de\/wp-content\/uploads\/2022\/01\/agb.png","type":"image\/png"}],"twitter_card":"summary_large_image","twitter_misc":{"Gesch\u00e4tzte Lesezeit":"2\u00a0Minuten"},"schema":{"@context":"https:\/\/schema.org","@graph":[{"@type":"WebPage","@id":"https:\/\/gestuet-auchtert.de\/?page_id=2172","url":"https:\/\/gestuet-auchtert.de\/?page_id=2172","name":"AGB","isPartOf":{"@id":"https:\/\/gestuet-auchtert.de\/#website"},"primaryImageOfPage":{"@id":"https:\/\/gestuet-auchtert.de\/?page_id=2172#primaryimage"},"image":{"@id":"https:\/\/gestuet-auchtert.de\/?page_id=2172#primaryimage"},"thumbnailUrl":"http:\/\/gestuet-auchtert.de\/wp-content\/uploads\/2022\/01\/agb.png","datePublished":"2022-01-29T18:31:54+00:00","dateModified":"2025-11-01T20:06:26+00:00","description":"Hier findet ihr unsere AGBs des Islandpferdegest\u00fcts Auchtert.","breadcrumb":{"@id":"https:\/\/gestuet-auchtert.de\/?page_id=2172#breadcrumb"},"inLanguage":"de","potentialAction":[{"@type":"ReadAction","target":["https:\/\/gestuet-auchtert.de\/?page_id=2172"]}]},{"@type":"ImageObject","inLanguage":"de","@id":"https:\/\/gestuet-auchtert.de\/?page_id=2172#primaryimage","url":"https:\/\/gestuet-auchtert.de\/wp-content\/uploads\/2022\/01\/agb.png","contentUrl":"https:\/\/gestuet-auchtert.de\/wp-content\/uploads\/2022\/01\/agb.png","width":188,"height":136},{"@type":"BreadcrumbList","@id":"https:\/\/gestuet-auchtert.de\/?page_id=2172#breadcrumb","itemListElement":[{"@type":"ListItem","position":1,"name":"Startseite","item":"https:\/\/gestuet-auchtert.de\/"},{"@type":"ListItem","position":2,"name":"AGB"}]},{"@type":"WebSite","@id":"https:\/\/gestuet-auchtert.de\/#website","url":"https:\/\/gestuet-auchtert.de\/","name":"Islandpferdegest\u00fct Auchtert","description":"","publisher":{"@id":"https:\/\/gestuet-auchtert.de\/#organization"},"alternateName":"Gest\u00fct Auchtert","potentialAction":[{"@type":"SearchAction","target":{"@type":"EntryPoint","urlTemplate":"https:\/\/gestuet-auchtert.de\/?s={search_term_string}"},"query-input":{"@type":"PropertyValueSpecification","valueRequired":true,"valueName":"search_term_string"}}],"inLanguage":"de"},{"@type":"Organization","@id":"https:\/\/gestuet-auchtert.de\/#organization","name":"Gest\u00fct Auchtert","url":"https:\/\/gestuet-auchtert.de\/","logo":{"@type":"ImageObject","inLanguage":"de","@id":"https:\/\/gestuet-auchtert.de\/#\/schema\/logo\/image\/","url":"https:\/\/gestuet-auchtert.de\/wp-content\/uploads\/2021\/12\/Logoschwarz.png","contentUrl":"https:\/\/gestuet-auchtert.de\/wp-content\/uploads\/2021\/12\/Logoschwarz.png","width":500,"height":390,"caption":"Gest\u00fct Auchtert"},"image":{"@id":"https:\/\/gestuet-auchtert.de\/#\/schema\/logo\/image\/"},"sameAs":["https:\/\/www.facebook.com\/hestarkeppni","https:\/\/www.instagram.com\/gestuetauchtert"]}]}},"_links":{"self":[{"href":"https:\/\/gestuet-auchtert.de\/index.php?rest_route=\/wp\/v2\/pages\/2172","targetHints":{"allow":["GET"]}}],"collection":[{"href":"https:\/\/gestuet-auchtert.de\/index.php?rest_route=\/wp\/v2\/pages"}],"about":[{"href":"https:\/\/gestuet-auchtert.de\/index.php?rest_route=\/wp\/v2\/types\/page"}],"author":[{"embeddable":true,"href":"https:\/\/gestuet-auchtert.de\/index.php?rest_route=\/wp\/v2\/users\/2"}],"replies":[{"embeddable":true,"href":"https:\/\/gestuet-auchtert.de\/index.php?rest_route=%2Fwp%2Fv2%2Fcomments&post=2172"}],"version-history":[{"count":0,"href":"https:\/\/gestuet-auchtert.de\/index.php?rest_route=\/wp\/v2\/pages\/2172\/revisions"}],"wp:attachment":[{"href":"https:\/\/gestuet-auchtert.de\/index.php?rest_route=%2Fwp%2Fv2%2Fmedia&parent=2172"}],"curies":[{"name":"wp","href":"https:\/\/api.w.org\/{rel}","templated":true}]}}