{"id":2584,"date":"2024-12-15T11:42:29","date_gmt":"2024-12-15T11:42:29","guid":{"rendered":"https:\/\/gestuet-auchtert.de\/?page_id=2584"},"modified":"2025-01-21T17:07:04","modified_gmt":"2025-01-21T17:07:04","slug":"gangster-vom-auchtert","status":"publish","type":"page","link":"https:\/\/gestuet-auchtert.de\/?page_id=2584","title":{"rendered":"Gangster vom Auchtert"},"content":{"rendered":"\n<div class=\"wp-block-ps2id-block-target\" id=\"gangster\"><\/div>\n\n\n\n<div style=\"height:50px\" aria-hidden=\"true\" class=\"wp-block-spacer\"><\/div>\n\n\n\n<figure class=\"wp-block-image size-full is-resized\"><img loading=\"lazy\" decoding=\"async\" width=\"922\" height=\"254\" src=\"https:\/\/gestuet-auchtert.de\/wp-content\/uploads\/2024\/12\/gangster_schrift.png\" alt=\"\" class=\"wp-image-2585\" style=\"width:390px;height:100px\" srcset=\"https:\/\/gestuet-auchtert.de\/wp-content\/uploads\/2024\/12\/gangster_schrift.png 922w, https:\/\/gestuet-auchtert.de\/wp-content\/uploads\/2024\/12\/gangster_schrift-300x83.png 300w, https:\/\/gestuet-auchtert.de\/wp-content\/uploads\/2024\/12\/gangster_schrift-768x212.png 768w\" sizes=\"auto, (max-width: 922px) 100vw, 922px\" \/><\/figure>\n\n\n\n<div style=\"height:30px\" aria-hidden=\"true\" class=\"wp-block-spacer\"><\/div>\n\n\n\n<div class=\"wp-block-columns is-layout-flex wp-container-core-columns-is-layout-28f84493 wp-block-columns-is-layout-flex\">\n<div class=\"wp-block-column is-layout-flow wp-block-column-is-layout-flow\">\n<figure class=\"wp-block-image size-full is-resized\"><img loading=\"lazy\" decoding=\"async\" width=\"532\" height=\"212\" src=\"http:\/\/gestuet-auchtert.de\/wp-content\/uploads\/2022\/01\/feifid.png\" alt=\"\" class=\"wp-image-1198\" style=\"width:124px;height:50px\" srcset=\"https:\/\/gestuet-auchtert.de\/wp-content\/uploads\/2022\/01\/feifid.png 532w, https:\/\/gestuet-auchtert.de\/wp-content\/uploads\/2022\/01\/feifid-300x120.png 300w\" sizes=\"auto, (max-width: 532px) 100vw, 532px\" \/><\/figure>\n\n\n\n<div style=\"height:7px\" aria-hidden=\"true\" class=\"wp-block-spacer\"><\/div>\n\n\n\n<h3 class=\"wp-block-heading ticss-aa8a6647\" id=\"is2017101366\">DE2020173928<\/h3>\n<\/div>\n\n\n\n<div class=\"wp-block-column is-layout-flow wp-block-column-is-layout-flow\">\n<figure class=\"wp-block-image size-full is-resized\"><img loading=\"lazy\" decoding=\"async\" width=\"185\" height=\"197\" src=\"http:\/\/gestuet-auchtert.de\/wp-content\/uploads\/2022\/01\/vater.png\" alt=\"\" class=\"wp-image-1199\" style=\"width:57px;height:60px\"\/><\/figure>\n\n\n\n<h4 class=\"wp-block-heading ticss-59a4e409\" id=\"hrannar-fra-flugumyri-ii\">Gand\u00e1lfur vom Uhlenhof<\/h4>\n<\/div>\n\n\n\n<div class=\"wp-block-column is-layout-flow wp-block-column-is-layout-flow\">\n<figure class=\"wp-block-image size-full is-resized\"><img loading=\"lazy\" decoding=\"async\" width=\"248\" height=\"178\" src=\"http:\/\/gestuet-auchtert.de\/wp-content\/uploads\/2022\/01\/mutter.png\" alt=\"\" class=\"wp-image-1200\" style=\"width:84px;height:60px\"\/><\/figure>\n\n\n\n<h4 class=\"wp-block-heading ticss-f73202ea\" id=\"prinsessa-fra-blonduosi\">N\u00e1ttr\u00fan von Tr\u00f6llasta\u00f0ir<\/h4>\n<\/div>\n<\/div>\n\n\n\n<div style=\"height:10px\" aria-hidden=\"true\" class=\"wp-block-spacer\"><\/div>\n\n\n\n\n\n\n<div style=\"height:30px\" aria-hidden=\"true\" class=\"wp-block-spacer\"><\/div>\n\n\n\n<div class=\"wp-block-columns is-layout-flex wp-container-core-columns-is-layout-28f84493 wp-block-columns-is-layout-flex\">\n<div class=\"wp-block-column is-layout-flow wp-block-column-is-layout-flow\">\n<h3 class=\"wp-block-heading ticss-d6b32ab7\">Unser\u00a0Zukunftssternchen<\/h3>\n\n\n\n<p class=\"ticss-3df84ea4\">Gangster stammt aus unserer\u00a0eigenen Zucht\u00a0und pr\u00e4sentiert sich bereits jetzt mit herausragenden Reitpferdeeigenschaften und\u00a0einwandfreiem Charakter.\u00a0F\u00fcnf klar getrennte\u00a0G\u00e4nge\u00a0bei\u00a0viel Fluss\u00a0und Bewegung. Seine Mutter war unsere\u00a0Ehrenpreisstute\u00a0N\u00e1ttrun\u00a0und er ist somit ein Bruder zu Tango,\u00a0Sproti\u00a0und Runa.\u00a0Sein Vater\u00a0Gandalfur\u00a0vom\u00a0Uhlenhof\u00a0war sowohl im Sport (Oval- und\u00a0Passbahn) als auch in der Zucht (FIZO 8,21) erfolgreich unterwegs.<\/p>\n\n\n\n<h2 class=\"wp-block-heading ticss-9a94ebd4\" id=\"korung-2021\">K\u00f6rung 2024:<\/h2>\n\n\n\n<p><strong>Freundlicher Junghengst mit harmonischem Geb\u00e4ude und viel T\u00f6lt<\/strong>.<\/p>\n\n\n\n<h3 class=\"wp-block-heading has-text-align-right ticss-dd5a2fe4\" id=\"interieur-8-30\">Interieur 8,15<\/h3>\n\n\n\n<h3 class=\"wp-block-heading has-text-align-right ticss-cdae255a\" id=\"exterieur-8-10\">Exterieur 8,06<\/h3>\n\n\n\n<h3 class=\"wp-block-heading has-text-align-right ticss-74cb1ba3\" id=\"gang-8-20\">Gang 7,92<\/h3>\n<\/div>\n\n\n\n<div class=\"wp-block-column is-layout-flow wp-block-column-is-layout-flow\"><div class=\"wp-block-image\">\n<figure class=\"alignleft size-full is-resized\"><img loading=\"lazy\" decoding=\"async\" width=\"461\" height=\"208\" src=\"http:\/\/gestuet-auchtert.de\/wp-content\/uploads\/2022\/01\/decktermine.png\" alt=\"\" class=\"wp-image-1225\" style=\"width:157px;height:70px\" srcset=\"https:\/\/gestuet-auchtert.de\/wp-content\/uploads\/2022\/01\/decktermine.png 461w, https:\/\/gestuet-auchtert.de\/wp-content\/uploads\/2022\/01\/decktermine-300x135.png 300w\" sizes=\"auto, (max-width: 461px) 100vw, 461px\" \/><\/figure>\n<\/div>\n\n\n<h4 class=\"wp-block-heading has-text-align-right ticss-fa06b39a\" id=\"deckt-ab-dem-01-april-2022-auf-dem-gestut-auchtert\"><br>Deckt ab dem 01. April 2025 auf dem Gest\u00fct Auchtert<\/h4>\n\n\n\n<div style=\"height:30px\" aria-hidden=\"true\" class=\"wp-block-spacer\"><\/div>\n\n\n<div class=\"wp-block-image\">\n<figure class=\"alignleft size-full is-resized\"><img loading=\"lazy\" decoding=\"async\" width=\"461\" height=\"208\" src=\"http:\/\/gestuet-auchtert.de\/wp-content\/uploads\/2022\/01\/decktaxe-2.png\" alt=\"\" class=\"wp-image-1234\" style=\"width:154px;height:70px\" srcset=\"https:\/\/gestuet-auchtert.de\/wp-content\/uploads\/2022\/01\/decktaxe-2.png 461w, https:\/\/gestuet-auchtert.de\/wp-content\/uploads\/2022\/01\/decktaxe-2-300x135.png 300w\" sizes=\"auto, (max-width: 461px) 100vw, 461px\" \/><\/figure>\n<\/div>\n\n\n<h4 class=\"wp-block-heading has-text-align-right ticss-75b67426\" id=\"850-00-zzgl-7-mwst\"><br>750,00 \u20ac zzgl. 7% MwSt<\/h4>\n<\/div>\n<\/div>\n","protected":false},"excerpt":{"rendered":"<p>DE2020173928 Gand\u00e1lfur vom Uhlenhof N\u00e1ttr\u00fan von Tr\u00f6llasta\u00f0ir Unser\u00a0Zukunftssternchen Gangster stammt aus unserer\u00a0eigenen Zucht\u00a0und pr\u00e4sentiert sich bereits jetzt mit herausragenden Reitpferdeeigenschaften und\u00a0einwandfreiem Charakter.\u00a0F\u00fcnf klar getrennte\u00a0G\u00e4nge\u00a0bei\u00a0viel Fluss\u00a0und Bewegung. Seine Mutter war unsere\u00a0Ehrenpreisstute\u00a0N\u00e1ttrun\u00a0und er ist somit ein Bruder zu Tango,\u00a0Sproti\u00a0und Runa.\u00a0Sein Vater\u00a0Gandalfur\u00a0vom\u00a0Uhlenhof\u00a0war sowohl im Sport (Oval- und\u00a0Passbahn) als auch in der Zucht (FIZO 8,21) erfolgreich unterwegs. K\u00f6rung 2024: Freundlicher Junghengst mit harmonischem Geb\u00e4ude und viel T\u00f6lt. Interieur 8,15 Exterieur 8,06 Gang 7,92 Deckt ab dem 01. April 2025 auf dem Gest\u00fct Auchtert 750,00 \u20ac zzgl. 7% MwSt<\/p>\n","protected":false},"author":2,"featured_media":0,"parent":0,"menu_order":0,"comment_status":"closed","ping_status":"closed","template":"","meta":{"_mc_calendar":[],"footnotes":""},"class_list":["post-2584","page","type-page","status-publish","hentry"],"yoast_head":"<!-- This site is optimized with the Yoast SEO plugin v27.4 - https:\/\/yoast.com\/product\/yoast-seo-wordpress\/ -->\n<title>Gangster vom Auchtert<\/title>\n<meta name=\"description\" content=\"Gangster vom Auchtert\" \/>\n<meta name=\"robots\" content=\"index, follow, max-snippet:-1, max-image-preview:large, max-video-preview:-1\" \/>\n<link rel=\"canonical\" href=\"https:\/\/gestuet-auchtert.de\/?page_id=2584\" \/>\n<meta property=\"og:locale\" content=\"de_DE\" \/>\n<meta property=\"og:type\" content=\"article\" \/>\n<meta property=\"og:title\" content=\"Gangster vom Auchtert\" \/>\n<meta property=\"og:description\" content=\"Gangster vom Auchtert\" \/>\n<meta property=\"og:url\" content=\"https:\/\/gestuet-auchtert.de\/?page_id=2584\" \/>\n<meta property=\"article:publisher\" content=\"https:\/\/www.facebook.com\/hestarkeppni\" \/>\n<meta property=\"article:modified_time\" content=\"2025-01-21T17:07:04+00:00\" \/>\n<meta property=\"og:image\" content=\"https:\/\/gestuet-auchtert.de\/wp-content\/uploads\/2024\/12\/gangster_schrift.png\" \/>\n\t<meta property=\"og:image:width\" content=\"922\" \/>\n\t<meta property=\"og:image:height\" content=\"254\" \/>\n\t<meta property=\"og:image:type\" content=\"image\/png\" \/>\n<meta name=\"twitter:card\" content=\"summary_large_image\" \/>\n<meta name=\"twitter:label1\" content=\"Gesch\u00e4tzte Lesezeit\" \/>\n\t<meta name=\"twitter:data1\" content=\"2\u00a0Minuten\" \/>\n<script type=\"application\/ld+json\" class=\"yoast-schema-graph\">{\"@context\":\"https:\\\/\\\/schema.org\",\"@graph\":[{\"@type\":\"WebPage\",\"@id\":\"https:\\\/\\\/gestuet-auchtert.de\\\/?page_id=2584\",\"url\":\"https:\\\/\\\/gestuet-auchtert.de\\\/?page_id=2584\",\"name\":\"Gangster vom Auchtert\",\"isPartOf\":{\"@id\":\"https:\\\/\\\/gestuet-auchtert.de\\\/#website\"},\"primaryImageOfPage\":{\"@id\":\"https:\\\/\\\/gestuet-auchtert.de\\\/?page_id=2584#primaryimage\"},\"image\":{\"@id\":\"https:\\\/\\\/gestuet-auchtert.de\\\/?page_id=2584#primaryimage\"},\"thumbnailUrl\":\"https:\\\/\\\/gestuet-auchtert.de\\\/wp-content\\\/uploads\\\/2024\\\/12\\\/gangster_schrift.png\",\"datePublished\":\"2024-12-15T11:42:29+00:00\",\"dateModified\":\"2025-01-21T17:07:04+00:00\",\"description\":\"Gangster vom Auchtert\",\"breadcrumb\":{\"@id\":\"https:\\\/\\\/gestuet-auchtert.de\\\/?page_id=2584#breadcrumb\"},\"inLanguage\":\"de\",\"potentialAction\":[{\"@type\":\"ReadAction\",\"target\":[\"https:\\\/\\\/gestuet-auchtert.de\\\/?page_id=2584\"]}]},{\"@type\":\"ImageObject\",\"inLanguage\":\"de\",\"@id\":\"https:\\\/\\\/gestuet-auchtert.de\\\/?page_id=2584#primaryimage\",\"url\":\"https:\\\/\\\/gestuet-auchtert.de\\\/wp-content\\\/uploads\\\/2024\\\/12\\\/gangster_schrift.png\",\"contentUrl\":\"https:\\\/\\\/gestuet-auchtert.de\\\/wp-content\\\/uploads\\\/2024\\\/12\\\/gangster_schrift.png\",\"width\":922,\"height\":254},{\"@type\":\"BreadcrumbList\",\"@id\":\"https:\\\/\\\/gestuet-auchtert.de\\\/?page_id=2584#breadcrumb\",\"itemListElement\":[{\"@type\":\"ListItem\",\"position\":1,\"name\":\"Startseite\",\"item\":\"https:\\\/\\\/gestuet-auchtert.de\\\/\"},{\"@type\":\"ListItem\",\"position\":2,\"name\":\"Gangster vom Auchtert\"}]},{\"@type\":\"WebSite\",\"@id\":\"https:\\\/\\\/gestuet-auchtert.de\\\/#website\",\"url\":\"https:\\\/\\\/gestuet-auchtert.de\\\/\",\"name\":\"Islandpferdegest\u00fct Auchtert\",\"description\":\"\",\"publisher\":{\"@id\":\"https:\\\/\\\/gestuet-auchtert.de\\\/#organization\"},\"alternateName\":\"Gest\u00fct Auchtert\",\"potentialAction\":[{\"@type\":\"SearchAction\",\"target\":{\"@type\":\"EntryPoint\",\"urlTemplate\":\"https:\\\/\\\/gestuet-auchtert.de\\\/?s={search_term_string}\"},\"query-input\":{\"@type\":\"PropertyValueSpecification\",\"valueRequired\":true,\"valueName\":\"search_term_string\"}}],\"inLanguage\":\"de\"},{\"@type\":\"Organization\",\"@id\":\"https:\\\/\\\/gestuet-auchtert.de\\\/#organization\",\"name\":\"Gest\u00fct Auchtert\",\"url\":\"https:\\\/\\\/gestuet-auchtert.de\\\/\",\"logo\":{\"@type\":\"ImageObject\",\"inLanguage\":\"de\",\"@id\":\"https:\\\/\\\/gestuet-auchtert.de\\\/#\\\/schema\\\/logo\\\/image\\\/\",\"url\":\"https:\\\/\\\/gestuet-auchtert.de\\\/wp-content\\\/uploads\\\/2021\\\/12\\\/Logoschwarz.png\",\"contentUrl\":\"https:\\\/\\\/gestuet-auchtert.de\\\/wp-content\\\/uploads\\\/2021\\\/12\\\/Logoschwarz.png\",\"width\":500,\"height\":390,\"caption\":\"Gest\u00fct Auchtert\"},\"image\":{\"@id\":\"https:\\\/\\\/gestuet-auchtert.de\\\/#\\\/schema\\\/logo\\\/image\\\/\"},\"sameAs\":[\"https:\\\/\\\/www.facebook.com\\\/hestarkeppni\",\"https:\\\/\\\/www.instagram.com\\\/gestuetauchtert\"]}]}<\/script>\n<!-- \/ Yoast SEO plugin. -->","yoast_head_json":{"title":"Gangster vom Auchtert","description":"Gangster vom Auchtert","robots":{"index":"index","follow":"follow","max-snippet":"max-snippet:-1","max-image-preview":"max-image-preview:large","max-video-preview":"max-video-preview:-1"},"canonical":"https:\/\/gestuet-auchtert.de\/?page_id=2584","og_locale":"de_DE","og_type":"article","og_title":"Gangster vom Auchtert","og_description":"Gangster vom Auchtert","og_url":"https:\/\/gestuet-auchtert.de\/?page_id=2584","article_publisher":"https:\/\/www.facebook.com\/hestarkeppni","article_modified_time":"2025-01-21T17:07:04+00:00","og_image":[{"width":922,"height":254,"url":"https:\/\/gestuet-auchtert.de\/wp-content\/uploads\/2024\/12\/gangster_schrift.png","type":"image\/png"}],"twitter_card":"summary_large_image","twitter_misc":{"Gesch\u00e4tzte Lesezeit":"2\u00a0Minuten"},"schema":{"@context":"https:\/\/schema.org","@graph":[{"@type":"WebPage","@id":"https:\/\/gestuet-auchtert.de\/?page_id=2584","url":"https:\/\/gestuet-auchtert.de\/?page_id=2584","name":"Gangster vom Auchtert","isPartOf":{"@id":"https:\/\/gestuet-auchtert.de\/#website"},"primaryImageOfPage":{"@id":"https:\/\/gestuet-auchtert.de\/?page_id=2584#primaryimage"},"image":{"@id":"https:\/\/gestuet-auchtert.de\/?page_id=2584#primaryimage"},"thumbnailUrl":"https:\/\/gestuet-auchtert.de\/wp-content\/uploads\/2024\/12\/gangster_schrift.png","datePublished":"2024-12-15T11:42:29+00:00","dateModified":"2025-01-21T17:07:04+00:00","description":"Gangster vom Auchtert","breadcrumb":{"@id":"https:\/\/gestuet-auchtert.de\/?page_id=2584#breadcrumb"},"inLanguage":"de","potentialAction":[{"@type":"ReadAction","target":["https:\/\/gestuet-auchtert.de\/?page_id=2584"]}]},{"@type":"ImageObject","inLanguage":"de","@id":"https:\/\/gestuet-auchtert.de\/?page_id=2584#primaryimage","url":"https:\/\/gestuet-auchtert.de\/wp-content\/uploads\/2024\/12\/gangster_schrift.png","contentUrl":"https:\/\/gestuet-auchtert.de\/wp-content\/uploads\/2024\/12\/gangster_schrift.png","width":922,"height":254},{"@type":"BreadcrumbList","@id":"https:\/\/gestuet-auchtert.de\/?page_id=2584#breadcrumb","itemListElement":[{"@type":"ListItem","position":1,"name":"Startseite","item":"https:\/\/gestuet-auchtert.de\/"},{"@type":"ListItem","position":2,"name":"Gangster vom Auchtert"}]},{"@type":"WebSite","@id":"https:\/\/gestuet-auchtert.de\/#website","url":"https:\/\/gestuet-auchtert.de\/","name":"Islandpferdegest\u00fct Auchtert","description":"","publisher":{"@id":"https:\/\/gestuet-auchtert.de\/#organization"},"alternateName":"Gest\u00fct Auchtert","potentialAction":[{"@type":"SearchAction","target":{"@type":"EntryPoint","urlTemplate":"https:\/\/gestuet-auchtert.de\/?s={search_term_string}"},"query-input":{"@type":"PropertyValueSpecification","valueRequired":true,"valueName":"search_term_string"}}],"inLanguage":"de"},{"@type":"Organization","@id":"https:\/\/gestuet-auchtert.de\/#organization","name":"Gest\u00fct Auchtert","url":"https:\/\/gestuet-auchtert.de\/","logo":{"@type":"ImageObject","inLanguage":"de","@id":"https:\/\/gestuet-auchtert.de\/#\/schema\/logo\/image\/","url":"https:\/\/gestuet-auchtert.de\/wp-content\/uploads\/2021\/12\/Logoschwarz.png","contentUrl":"https:\/\/gestuet-auchtert.de\/wp-content\/uploads\/2021\/12\/Logoschwarz.png","width":500,"height":390,"caption":"Gest\u00fct Auchtert"},"image":{"@id":"https:\/\/gestuet-auchtert.de\/#\/schema\/logo\/image\/"},"sameAs":["https:\/\/www.facebook.com\/hestarkeppni","https:\/\/www.instagram.com\/gestuetauchtert"]}]}},"_links":{"self":[{"href":"https:\/\/gestuet-auchtert.de\/index.php?rest_route=\/wp\/v2\/pages\/2584","targetHints":{"allow":["GET"]}}],"collection":[{"href":"https:\/\/gestuet-auchtert.de\/index.php?rest_route=\/wp\/v2\/pages"}],"about":[{"href":"https:\/\/gestuet-auchtert.de\/index.php?rest_route=\/wp\/v2\/types\/page"}],"author":[{"embeddable":true,"href":"https:\/\/gestuet-auchtert.de\/index.php?rest_route=\/wp\/v2\/users\/2"}],"replies":[{"embeddable":true,"href":"https:\/\/gestuet-auchtert.de\/index.php?rest_route=%2Fwp%2Fv2%2Fcomments&post=2584"}],"version-history":[{"count":0,"href":"https:\/\/gestuet-auchtert.de\/index.php?rest_route=\/wp\/v2\/pages\/2584\/revisions"}],"wp:attachment":[{"href":"https:\/\/gestuet-auchtert.de\/index.php?rest_route=%2Fwp%2Fv2%2Fmedia&parent=2584"}],"curies":[{"name":"wp","href":"https:\/\/api.w.org\/{rel}","templated":true}]}}