{"id":929,"date":"2022-01-13T12:38:27","date_gmt":"2022-01-13T12:38:27","guid":{"rendered":"http:\/\/gestuet-auchtert.de\/?page_id=929"},"modified":"2025-01-18T06:15:02","modified_gmt":"2025-01-18T06:15:02","slug":"hrikalegur-fra-upphafi","status":"publish","type":"page","link":"https:\/\/gestuet-auchtert.de\/?page_id=929","title":{"rendered":"Hrikalegur fr\u00e1 Upphafi"},"content":{"rendered":"\n<div class=\"wp-block-ps2id-block-target\" id=\"hrikalegur\"><\/div>\n\n\n\n<div style=\"height:50px\" aria-hidden=\"true\" class=\"wp-block-spacer\"><\/div>\n\n\n\n<figure class=\"wp-block-image size-full is-resized\"><img loading=\"lazy\" decoding=\"async\" width=\"629\" height=\"163\" src=\"http:\/\/gestuet-auchtert.de\/wp-content\/uploads\/2022\/01\/Hrikalegur-fra\u0301-Upphafi_Text.png\" alt=\"\" class=\"wp-image-930\" style=\"width:315px;height:82px\" srcset=\"https:\/\/gestuet-auchtert.de\/wp-content\/uploads\/2022\/01\/Hrikalegur-fra\u0301-Upphafi_Text.png 629w, https:\/\/gestuet-auchtert.de\/wp-content\/uploads\/2022\/01\/Hrikalegur-fra\u0301-Upphafi_Text-300x78.png 300w\" sizes=\"auto, (max-width: 629px) 100vw, 629px\" \/><\/figure>\n\n\n\n<div style=\"height:30px\" aria-hidden=\"true\" class=\"wp-block-spacer\"><\/div>\n\n\n\n<div class=\"wp-block-columns is-layout-flex wp-container-core-columns-is-layout-28f84493 wp-block-columns-is-layout-flex\">\n<div class=\"wp-block-column is-layout-flow wp-block-column-is-layout-flow\">\n<figure class=\"wp-block-image size-full is-resized\"><img loading=\"lazy\" decoding=\"async\" width=\"532\" height=\"212\" src=\"http:\/\/gestuet-auchtert.de\/wp-content\/uploads\/2022\/01\/feifid.png\" alt=\"\" class=\"wp-image-1198\" style=\"width:124px;height:50px\" srcset=\"https:\/\/gestuet-auchtert.de\/wp-content\/uploads\/2022\/01\/feifid.png 532w, https:\/\/gestuet-auchtert.de\/wp-content\/uploads\/2022\/01\/feifid-300x120.png 300w\" sizes=\"auto, (max-width: 532px) 100vw, 532px\" \/><\/figure>\n\n\n\n<div style=\"height:7px\" aria-hidden=\"true\" class=\"wp-block-spacer\"><\/div>\n\n\n\n<h3 class=\"wp-block-heading ticss-aa8a6647\" id=\"is2017101366\">IS2017101366<\/h3>\n<\/div>\n\n\n\n<div class=\"wp-block-column is-layout-flow wp-block-column-is-layout-flow\">\n<figure class=\"wp-block-image size-full is-resized\"><img loading=\"lazy\" decoding=\"async\" width=\"185\" height=\"197\" src=\"http:\/\/gestuet-auchtert.de\/wp-content\/uploads\/2022\/01\/vater.png\" alt=\"\" class=\"wp-image-1199\" style=\"width:57px;height:60px\"\/><\/figure>\n\n\n\n<h4 class=\"wp-block-heading ticss-59a4e409\" id=\"hrannar-fra-flugumyri-ii\">Hrannar fr\u00e1 Flugum\u00fdri II<\/h4>\n<\/div>\n\n\n\n<div class=\"wp-block-column is-layout-flow wp-block-column-is-layout-flow\">\n<figure class=\"wp-block-image size-full is-resized\"><img loading=\"lazy\" decoding=\"async\" width=\"248\" height=\"178\" src=\"http:\/\/gestuet-auchtert.de\/wp-content\/uploads\/2022\/01\/mutter.png\" alt=\"\" class=\"wp-image-1200\" style=\"width:84px;height:60px\"\/><\/figure>\n\n\n\n<h4 class=\"wp-block-heading ticss-f73202ea\" id=\"prinsessa-fra-blonduosi\">Prinsessa fr\u00e1 Bl\u00f6ndu\u00f3si<\/h4>\n<\/div>\n<\/div>\n\n\n\n<div style=\"height:10px\" aria-hidden=\"true\" class=\"wp-block-spacer\"><\/div>\n\n\n\n\n\n\n<div style=\"height:30px\" aria-hidden=\"true\" class=\"wp-block-spacer\"><\/div>\n\n\n\n<div class=\"wp-block-columns is-layout-flex wp-container-core-columns-is-layout-28f84493 wp-block-columns-is-layout-flex\">\n<div class=\"wp-block-column is-layout-flow wp-block-column-is-layout-flow\">\n<h2 class=\"wp-block-heading ticss-0ed7edfe\" id=\"hrikaleigur-war-korungssieger-2021\">FIZO<\/h2>\n\n\n\n<figure class=\"wp-block-table\"><table><tbody><tr><td>Kopf<\/td><td>8.5<\/td><td>T\u00f6lt<\/td><td>8<\/td><\/tr><tr><td>Hals-Widerrist-Schulter<\/td><td>8<\/td><td>Trab<\/td><td>8.5<\/td><\/tr><tr><td>R\u00fcckenlinie-Kruppe<\/td><td>7.5<\/td><td>Pass<\/td><td>7<\/td><\/tr><tr><td>Proportionen<\/td><td>9<\/td><td>Galopp<\/td><td>8<\/td><\/tr><tr><td>Gliedma\u00dfen<\/td><td>8<\/td><td>Langsamer Galopp<\/td><td>8<\/td><\/tr><tr><td>Stellung der Gliedma\u00dfen<\/td><td>8.5<\/td><td>Rittigkeit<\/td><td>8<\/td><\/tr><tr><td>Hufe<\/td><td>8<\/td><td>Form unter dem Reiter<\/td><td>8<\/td><\/tr><tr><td>M\u00e4hne-Schweif<\/td><td>6.5<\/td><td>Schritt<\/td><td>8.5<\/td><\/tr><tr><td><strong>Exter.<\/strong><\/td><td><strong>8.11<\/strong><\/td><td><strong>Reiteig.<\/strong><\/td><td><strong>7.96<\/strong><\/td><\/tr><tr><td><\/td><td><\/td><td>Langsamer T\u00f6lt<\/td><td>8<\/td><\/tr><tr><td><strong>Gesamt.<\/strong><\/td><td><strong>8.02<\/strong><\/td><td><\/td><td><\/td><\/tr><\/tbody><\/table><\/figure>\n\n\n\n<h3 class=\"wp-block-heading ticss-945bf5ed\" id=\"diese-abstammung-spricht-fur-sich\">Diese Abstammung spricht f\u00fcr sich!<\/h3>\n\n\n\n<p class=\"ticss-28e542ca has-medium-font-size\">Hrikaleigurs Vater Hrannar fr\u00e1 Flugum\u00fdri II \u2013 dieser Ausnahme-Hengst ist mit 9,16 f\u00fcr Reiteigenschaften gepr\u00fcft. 9,5 f\u00fcr T\u00f6lt, Trab sowie Charakter und Gehwille. Er \u00fcberzeugte nicht nur in seiner Zuchtpr\u00fcfung, sondern auch am Landsmot 2016 mit dem Sieg im A-Flokkur. Weiter konnte er in der Meisterklasse seine Rittigkeit im Gaedingarfimmi unter Beweis stellen. Hrikaleigurs Mutter ist die Schwester zu Beggi Eggertsons WM-Besti, welche unter Helga Una Bj\u00f6rnsdottir schon in Island hoch erfolgreich war.<\/p>\n<\/div>\n\n\n\n<div class=\"wp-block-column is-layout-flow wp-block-column-is-layout-flow\">\n<h2 class=\"wp-block-heading ticss-0ed7edfe\" id=\"hrikaleigur-war-korungssieger-2021\">Hrikaleigur war K\u00f6rungssieger 2021.<\/h2>\n\n\n\n<p class=\"ticss-236aeb07 has-medium-font-size\">\u201eSehr gut entwickelter, gut aufgerichteter Junghengst mit klarer Gangtrennung und hochweiten Bewegungen in Trab und Galopp, zeigt gute Lauffreude, angenehmen Charakter und T\u00f6lt im Ansatz\u201c<\/p>\n\n\n\n<h3 class=\"wp-block-heading has-text-align-right ticss-dd5a2fe4\" id=\"interieur-8-30\">Interieur 8,30<\/h3>\n\n\n\n<h3 class=\"wp-block-heading has-text-align-right ticss-cdae255a\" id=\"exterieur-8-10\">Exterieur 8,10<\/h3>\n\n\n\n<h3 class=\"wp-block-heading has-text-align-right ticss-74cb1ba3\" id=\"gang-8-20\">Gang 8,20<\/h3>\n\n\n\n<div style=\"height:30px\" aria-hidden=\"true\" class=\"wp-block-spacer\"><\/div>\n\n\n\n<p class=\"ticss-29e9b981 has-medium-font-size\">Er l\u00e4sst keine W\u00fcnsche offen. Er pr\u00e4sentiert sich mit viel Raumgriff und kraftvollem Bewegungsablauf. Sein einzigartiges Wesen stellt er immer wieder im Umgang mit unserem kleinen Sohn unter Beweis, wenn er mit Hrikaleigur \u00fcber den Hof spaziert. Weitere Pluspunktesind sicher seine Gr\u00f6\u00dfe (ca. 1,50 cm) und seine wundersch\u00f6ne Farbe \u2013 Isabell mit Blesse.<\/p>\n\n\n<div class=\"wp-block-image\">\n<figure class=\"alignleft size-full is-resized\"><img loading=\"lazy\" decoding=\"async\" width=\"461\" height=\"208\" src=\"http:\/\/gestuet-auchtert.de\/wp-content\/uploads\/2022\/01\/decktermine.png\" alt=\"\" class=\"wp-image-1225\" style=\"width:157px;height:70px\" srcset=\"https:\/\/gestuet-auchtert.de\/wp-content\/uploads\/2022\/01\/decktermine.png 461w, https:\/\/gestuet-auchtert.de\/wp-content\/uploads\/2022\/01\/decktermine-300x135.png 300w\" sizes=\"auto, (max-width: 461px) 100vw, 461px\" \/><\/figure>\n<\/div>\n\n\n<h4 class=\"wp-block-heading has-text-align-right ticss-fa06b39a\" id=\"deckt-ab-dem-01-april-2022-auf-dem-gestut-auchtert\"><br>Deckt ab dem 01.April 2025 auf dem Gest\u00fct Auchtert.<\/h4>\n\n\n\n<div style=\"height:30px\" aria-hidden=\"true\" class=\"wp-block-spacer\"><\/div>\n\n\n<div class=\"wp-block-image\">\n<figure class=\"alignleft size-full is-resized\"><img loading=\"lazy\" decoding=\"async\" width=\"461\" height=\"208\" src=\"http:\/\/gestuet-auchtert.de\/wp-content\/uploads\/2022\/01\/decktaxe-2.png\" alt=\"\" class=\"wp-image-1234\" style=\"width:154px;height:70px\" srcset=\"https:\/\/gestuet-auchtert.de\/wp-content\/uploads\/2022\/01\/decktaxe-2.png 461w, https:\/\/gestuet-auchtert.de\/wp-content\/uploads\/2022\/01\/decktaxe-2-300x135.png 300w\" sizes=\"auto, (max-width: 461px) 100vw, 461px\" \/><\/figure>\n<\/div>\n\n\n<h4 class=\"wp-block-heading has-text-align-right ticss-75b67426\" id=\"850-00-zzgl-7-mwst\"><br>1.200,00 \u20ac zzgl. 7% MwSt<\/h4>\n<\/div>\n<\/div>\n","protected":false},"excerpt":{"rendered":"<p>IS2017101366 Hrannar fr\u00e1 Flugum\u00fdri II Prinsessa fr\u00e1 Bl\u00f6ndu\u00f3si FIZO Kopf 8.5 T\u00f6lt 8 Hals-Widerrist-Schulter 8 Trab 8.5 R\u00fcckenlinie-Kruppe 7.5 Pass 7 Proportionen 9 Galopp 8 Gliedma\u00dfen 8 Langsamer Galopp 8 Stellung der Gliedma\u00dfen 8.5 Rittigkeit 8 Hufe 8 Form unter dem Reiter 8 M\u00e4hne-Schweif 6.5 Schritt 8.5 Exter. 8.11 Reiteig. 7.96 Langsamer T\u00f6lt 8 Gesamt. 8.02 Diese Abstammung spricht f\u00fcr sich! Hrikaleigurs Vater Hrannar fr\u00e1 Flugum\u00fdri II \u2013 dieser Ausnahme-Hengst ist mit 9,16 f\u00fcr Reiteigenschaften gepr\u00fcft. 9,5 f\u00fcr T\u00f6lt, Trab sowie Charakter und Gehwille. Er \u00fcberzeugte nicht nur in seiner Zuchtpr\u00fcfung, sondern auch am Landsmot 2016 mit dem Sieg im A-Flokkur. Weiter konnte er in der Meisterklasse seine Rittigkeit im Gaedingarfimmi unter Beweis stellen. Hrikaleigurs Mutter ist die Schwester zu Beggi Eggertsons WM-Besti, welche unter Helga Una Bj\u00f6rnsdottir schon in Island hoch erfolgreich war. Hrikaleigur war K\u00f6rungssieger 2021. \u201eSehr gut entwickelter, gut aufgerichteter Junghengst mit klarer Gangtrennung und hochweiten Bewegungen in Trab und Galopp, zeigt gute Lauffreude, angenehmen Charakter und T\u00f6lt im Ansatz\u201c Interieur 8,30 Exterieur 8,10 Gang 8,20 Er l\u00e4sst keine W\u00fcnsche offen. Er pr\u00e4sentiert sich mit viel Raumgriff und kraftvollem Bewegungsablauf. Sein einzigartiges Wesen stellt er immer wieder im Umgang mit unserem kleinen Sohn unter Beweis, wenn er mit Hrikaleigur \u00fcber den Hof spaziert. Weitere Pluspunktesind sicher seine Gr\u00f6\u00dfe (ca. 1,50 cm) und seine wundersch\u00f6ne Farbe \u2013 Isabell mit Blesse. Deckt ab dem 01.April 2025 auf dem Gest\u00fct Auchtert. 1.200,00 \u20ac zzgl. 7% MwSt<\/p>\n","protected":false},"author":2,"featured_media":0,"parent":0,"menu_order":0,"comment_status":"closed","ping_status":"closed","template":"","meta":{"_mc_calendar":[],"footnotes":""},"class_list":["post-929","page","type-page","status-publish","hentry"],"yoast_head":"<!-- This site is optimized with the Yoast SEO plugin v27.4 - https:\/\/yoast.com\/product\/yoast-seo-wordpress\/ -->\n<title>Hrikalegur fr\u00e1 Upphafi<\/title>\n<meta name=\"description\" content=\"Hrikaleigur war K\u00f6rungssieger 2021. Er l\u00e4sst keine W\u00fcnsche offen. Er pr\u00e4sentiert sich mit viel Raumgriff und kraftvollem Bewegungsablauf.\" \/>\n<meta name=\"robots\" content=\"index, follow, max-snippet:-1, max-image-preview:large, max-video-preview:-1\" \/>\n<link rel=\"canonical\" href=\"https:\/\/gestuet-auchtert.de\/?page_id=929\" \/>\n<meta property=\"og:locale\" content=\"de_DE\" \/>\n<meta property=\"og:type\" content=\"article\" \/>\n<meta property=\"og:title\" content=\"Hrikalegur fr\u00e1 Upphafi\" \/>\n<meta property=\"og:description\" content=\"Hrikaleigur war K\u00f6rungssieger 2021. Er l\u00e4sst keine W\u00fcnsche offen. Er pr\u00e4sentiert sich mit viel Raumgriff und kraftvollem Bewegungsablauf.\" \/>\n<meta property=\"og:url\" content=\"https:\/\/gestuet-auchtert.de\/?page_id=929\" \/>\n<meta property=\"article:publisher\" content=\"https:\/\/www.facebook.com\/hestarkeppni\" \/>\n<meta property=\"article:modified_time\" content=\"2025-01-18T06:15:02+00:00\" \/>\n<meta property=\"og:image\" content=\"http:\/\/gestuet-auchtert.de\/wp-content\/uploads\/2022\/01\/feifid.png\" \/>\n<meta name=\"twitter:card\" content=\"summary_large_image\" \/>\n<meta name=\"twitter:label1\" content=\"Gesch\u00e4tzte Lesezeit\" \/>\n\t<meta name=\"twitter:data1\" content=\"3\u00a0Minuten\" \/>\n<script type=\"application\/ld+json\" class=\"yoast-schema-graph\">{\"@context\":\"https:\\\/\\\/schema.org\",\"@graph\":[{\"@type\":\"WebPage\",\"@id\":\"https:\\\/\\\/gestuet-auchtert.de\\\/?page_id=929\",\"url\":\"https:\\\/\\\/gestuet-auchtert.de\\\/?page_id=929\",\"name\":\"Hrikalegur fr\u00e1 Upphafi\",\"isPartOf\":{\"@id\":\"https:\\\/\\\/gestuet-auchtert.de\\\/#website\"},\"primaryImageOfPage\":{\"@id\":\"https:\\\/\\\/gestuet-auchtert.de\\\/?page_id=929#primaryimage\"},\"image\":{\"@id\":\"https:\\\/\\\/gestuet-auchtert.de\\\/?page_id=929#primaryimage\"},\"thumbnailUrl\":\"http:\\\/\\\/gestuet-auchtert.de\\\/wp-content\\\/uploads\\\/2022\\\/01\\\/feifid.png\",\"datePublished\":\"2022-01-13T12:38:27+00:00\",\"dateModified\":\"2025-01-18T06:15:02+00:00\",\"description\":\"Hrikaleigur war K\u00f6rungssieger 2021. Er l\u00e4sst keine W\u00fcnsche offen. Er pr\u00e4sentiert sich mit viel Raumgriff und kraftvollem Bewegungsablauf.\",\"breadcrumb\":{\"@id\":\"https:\\\/\\\/gestuet-auchtert.de\\\/?page_id=929#breadcrumb\"},\"inLanguage\":\"de\",\"potentialAction\":[{\"@type\":\"ReadAction\",\"target\":[\"https:\\\/\\\/gestuet-auchtert.de\\\/?page_id=929\"]}]},{\"@type\":\"ImageObject\",\"inLanguage\":\"de\",\"@id\":\"https:\\\/\\\/gestuet-auchtert.de\\\/?page_id=929#primaryimage\",\"url\":\"https:\\\/\\\/gestuet-auchtert.de\\\/wp-content\\\/uploads\\\/2022\\\/01\\\/feifid.png\",\"contentUrl\":\"https:\\\/\\\/gestuet-auchtert.de\\\/wp-content\\\/uploads\\\/2022\\\/01\\\/feifid.png\",\"width\":532,\"height\":212},{\"@type\":\"BreadcrumbList\",\"@id\":\"https:\\\/\\\/gestuet-auchtert.de\\\/?page_id=929#breadcrumb\",\"itemListElement\":[{\"@type\":\"ListItem\",\"position\":1,\"name\":\"Startseite\",\"item\":\"https:\\\/\\\/gestuet-auchtert.de\\\/\"},{\"@type\":\"ListItem\",\"position\":2,\"name\":\"Hrikalegur fr\u00e1 Upphafi\"}]},{\"@type\":\"WebSite\",\"@id\":\"https:\\\/\\\/gestuet-auchtert.de\\\/#website\",\"url\":\"https:\\\/\\\/gestuet-auchtert.de\\\/\",\"name\":\"Islandpferdegest\u00fct Auchtert\",\"description\":\"\",\"publisher\":{\"@id\":\"https:\\\/\\\/gestuet-auchtert.de\\\/#organization\"},\"alternateName\":\"Gest\u00fct Auchtert\",\"potentialAction\":[{\"@type\":\"SearchAction\",\"target\":{\"@type\":\"EntryPoint\",\"urlTemplate\":\"https:\\\/\\\/gestuet-auchtert.de\\\/?s={search_term_string}\"},\"query-input\":{\"@type\":\"PropertyValueSpecification\",\"valueRequired\":true,\"valueName\":\"search_term_string\"}}],\"inLanguage\":\"de\"},{\"@type\":\"Organization\",\"@id\":\"https:\\\/\\\/gestuet-auchtert.de\\\/#organization\",\"name\":\"Gest\u00fct Auchtert\",\"url\":\"https:\\\/\\\/gestuet-auchtert.de\\\/\",\"logo\":{\"@type\":\"ImageObject\",\"inLanguage\":\"de\",\"@id\":\"https:\\\/\\\/gestuet-auchtert.de\\\/#\\\/schema\\\/logo\\\/image\\\/\",\"url\":\"https:\\\/\\\/gestuet-auchtert.de\\\/wp-content\\\/uploads\\\/2021\\\/12\\\/Logoschwarz.png\",\"contentUrl\":\"https:\\\/\\\/gestuet-auchtert.de\\\/wp-content\\\/uploads\\\/2021\\\/12\\\/Logoschwarz.png\",\"width\":500,\"height\":390,\"caption\":\"Gest\u00fct Auchtert\"},\"image\":{\"@id\":\"https:\\\/\\\/gestuet-auchtert.de\\\/#\\\/schema\\\/logo\\\/image\\\/\"},\"sameAs\":[\"https:\\\/\\\/www.facebook.com\\\/hestarkeppni\",\"https:\\\/\\\/www.instagram.com\\\/gestuetauchtert\"]}]}<\/script>\n<!-- \/ Yoast SEO plugin. -->","yoast_head_json":{"title":"Hrikalegur fr\u00e1 Upphafi","description":"Hrikaleigur war K\u00f6rungssieger 2021. Er l\u00e4sst keine W\u00fcnsche offen. Er pr\u00e4sentiert sich mit viel Raumgriff und kraftvollem Bewegungsablauf.","robots":{"index":"index","follow":"follow","max-snippet":"max-snippet:-1","max-image-preview":"max-image-preview:large","max-video-preview":"max-video-preview:-1"},"canonical":"https:\/\/gestuet-auchtert.de\/?page_id=929","og_locale":"de_DE","og_type":"article","og_title":"Hrikalegur fr\u00e1 Upphafi","og_description":"Hrikaleigur war K\u00f6rungssieger 2021. Er l\u00e4sst keine W\u00fcnsche offen. Er pr\u00e4sentiert sich mit viel Raumgriff und kraftvollem Bewegungsablauf.","og_url":"https:\/\/gestuet-auchtert.de\/?page_id=929","article_publisher":"https:\/\/www.facebook.com\/hestarkeppni","article_modified_time":"2025-01-18T06:15:02+00:00","og_image":[{"url":"http:\/\/gestuet-auchtert.de\/wp-content\/uploads\/2022\/01\/feifid.png","type":"","width":"","height":""}],"twitter_card":"summary_large_image","twitter_misc":{"Gesch\u00e4tzte Lesezeit":"3\u00a0Minuten"},"schema":{"@context":"https:\/\/schema.org","@graph":[{"@type":"WebPage","@id":"https:\/\/gestuet-auchtert.de\/?page_id=929","url":"https:\/\/gestuet-auchtert.de\/?page_id=929","name":"Hrikalegur fr\u00e1 Upphafi","isPartOf":{"@id":"https:\/\/gestuet-auchtert.de\/#website"},"primaryImageOfPage":{"@id":"https:\/\/gestuet-auchtert.de\/?page_id=929#primaryimage"},"image":{"@id":"https:\/\/gestuet-auchtert.de\/?page_id=929#primaryimage"},"thumbnailUrl":"http:\/\/gestuet-auchtert.de\/wp-content\/uploads\/2022\/01\/feifid.png","datePublished":"2022-01-13T12:38:27+00:00","dateModified":"2025-01-18T06:15:02+00:00","description":"Hrikaleigur war K\u00f6rungssieger 2021. Er l\u00e4sst keine W\u00fcnsche offen. Er pr\u00e4sentiert sich mit viel Raumgriff und kraftvollem Bewegungsablauf.","breadcrumb":{"@id":"https:\/\/gestuet-auchtert.de\/?page_id=929#breadcrumb"},"inLanguage":"de","potentialAction":[{"@type":"ReadAction","target":["https:\/\/gestuet-auchtert.de\/?page_id=929"]}]},{"@type":"ImageObject","inLanguage":"de","@id":"https:\/\/gestuet-auchtert.de\/?page_id=929#primaryimage","url":"https:\/\/gestuet-auchtert.de\/wp-content\/uploads\/2022\/01\/feifid.png","contentUrl":"https:\/\/gestuet-auchtert.de\/wp-content\/uploads\/2022\/01\/feifid.png","width":532,"height":212},{"@type":"BreadcrumbList","@id":"https:\/\/gestuet-auchtert.de\/?page_id=929#breadcrumb","itemListElement":[{"@type":"ListItem","position":1,"name":"Startseite","item":"https:\/\/gestuet-auchtert.de\/"},{"@type":"ListItem","position":2,"name":"Hrikalegur fr\u00e1 Upphafi"}]},{"@type":"WebSite","@id":"https:\/\/gestuet-auchtert.de\/#website","url":"https:\/\/gestuet-auchtert.de\/","name":"Islandpferdegest\u00fct Auchtert","description":"","publisher":{"@id":"https:\/\/gestuet-auchtert.de\/#organization"},"alternateName":"Gest\u00fct Auchtert","potentialAction":[{"@type":"SearchAction","target":{"@type":"EntryPoint","urlTemplate":"https:\/\/gestuet-auchtert.de\/?s={search_term_string}"},"query-input":{"@type":"PropertyValueSpecification","valueRequired":true,"valueName":"search_term_string"}}],"inLanguage":"de"},{"@type":"Organization","@id":"https:\/\/gestuet-auchtert.de\/#organization","name":"Gest\u00fct Auchtert","url":"https:\/\/gestuet-auchtert.de\/","logo":{"@type":"ImageObject","inLanguage":"de","@id":"https:\/\/gestuet-auchtert.de\/#\/schema\/logo\/image\/","url":"https:\/\/gestuet-auchtert.de\/wp-content\/uploads\/2021\/12\/Logoschwarz.png","contentUrl":"https:\/\/gestuet-auchtert.de\/wp-content\/uploads\/2021\/12\/Logoschwarz.png","width":500,"height":390,"caption":"Gest\u00fct Auchtert"},"image":{"@id":"https:\/\/gestuet-auchtert.de\/#\/schema\/logo\/image\/"},"sameAs":["https:\/\/www.facebook.com\/hestarkeppni","https:\/\/www.instagram.com\/gestuetauchtert"]}]}},"_links":{"self":[{"href":"https:\/\/gestuet-auchtert.de\/index.php?rest_route=\/wp\/v2\/pages\/929","targetHints":{"allow":["GET"]}}],"collection":[{"href":"https:\/\/gestuet-auchtert.de\/index.php?rest_route=\/wp\/v2\/pages"}],"about":[{"href":"https:\/\/gestuet-auchtert.de\/index.php?rest_route=\/wp\/v2\/types\/page"}],"author":[{"embeddable":true,"href":"https:\/\/gestuet-auchtert.de\/index.php?rest_route=\/wp\/v2\/users\/2"}],"replies":[{"embeddable":true,"href":"https:\/\/gestuet-auchtert.de\/index.php?rest_route=%2Fwp%2Fv2%2Fcomments&post=929"}],"version-history":[{"count":0,"href":"https:\/\/gestuet-auchtert.de\/index.php?rest_route=\/wp\/v2\/pages\/929\/revisions"}],"wp:attachment":[{"href":"https:\/\/gestuet-auchtert.de\/index.php?rest_route=%2Fwp%2Fv2%2Fmedia&parent=929"}],"curies":[{"name":"wp","href":"https:\/\/api.w.org\/{rel}","templated":true}]}}