{"id":932,"date":"2022-01-13T12:40:05","date_gmt":"2022-01-13T12:40:05","guid":{"rendered":"http:\/\/gestuet-auchtert.de\/?page_id=932"},"modified":"2025-01-18T06:15:35","modified_gmt":"2025-01-18T06:15:35","slug":"hvitfaxi-fra-lindenweberhof","status":"publish","type":"page","link":"https:\/\/gestuet-auchtert.de\/?page_id=932","title":{"rendered":"Hv\u00edtfaxi fra Lindenweberhof"},"content":{"rendered":"\n<div class=\"wp-block-ps2id-block-target\" id=\"hvitfaxi\"><\/div>\n\n\n\n<div style=\"height:50px\" aria-hidden=\"true\" class=\"wp-block-spacer\"><\/div>\n\n\n\n<figure class=\"wp-block-image size-full is-resized\"><img loading=\"lazy\" decoding=\"async\" width=\"702\" height=\"153\" src=\"http:\/\/gestuet-auchtert.de\/wp-content\/uploads\/2022\/01\/Hvi\u0301tfaxi-fra-Lindenweberhof_text.png\" alt=\"\" class=\"wp-image-933\" style=\"width:351px;height:77px\" srcset=\"https:\/\/gestuet-auchtert.de\/wp-content\/uploads\/2022\/01\/Hvi\u0301tfaxi-fra-Lindenweberhof_text.png 702w, https:\/\/gestuet-auchtert.de\/wp-content\/uploads\/2022\/01\/Hvi\u0301tfaxi-fra-Lindenweberhof_text-300x65.png 300w\" sizes=\"auto, (max-width: 702px) 100vw, 702px\" \/><\/figure>\n\n\n\n<div style=\"height:30px\" aria-hidden=\"true\" class=\"wp-block-spacer\"><\/div>\n\n\n\n<div class=\"wp-block-columns is-layout-flex wp-container-core-columns-is-layout-28f84493 wp-block-columns-is-layout-flex\">\n<div class=\"wp-block-column is-layout-flow wp-block-column-is-layout-flow\">\n<figure class=\"wp-block-image size-full is-resized\"><img loading=\"lazy\" decoding=\"async\" width=\"532\" height=\"212\" src=\"http:\/\/gestuet-auchtert.de\/wp-content\/uploads\/2022\/01\/feifid.png\" alt=\"\" class=\"wp-image-1198\" style=\"width:124px;height:50px\" srcset=\"https:\/\/gestuet-auchtert.de\/wp-content\/uploads\/2022\/01\/feifid.png 532w, https:\/\/gestuet-auchtert.de\/wp-content\/uploads\/2022\/01\/feifid-300x120.png 300w\" sizes=\"auto, (max-width: 532px) 100vw, 532px\" \/><\/figure>\n\n\n\n<div style=\"height:7px\" aria-hidden=\"true\" class=\"wp-block-spacer\"><\/div>\n\n\n\n<h3 class=\"wp-block-heading ticss-aa8a6647\" id=\"dk2017100632\">DK2017100632<\/h3>\n<\/div>\n\n\n\n<div class=\"wp-block-column is-layout-flow wp-block-column-is-layout-flow\">\n<figure class=\"wp-block-image size-full is-resized\"><img loading=\"lazy\" decoding=\"async\" width=\"185\" height=\"197\" src=\"http:\/\/gestuet-auchtert.de\/wp-content\/uploads\/2022\/01\/vater.png\" alt=\"\" class=\"wp-image-1199\" style=\"width:57px;height:60px\"\/><\/figure>\n\n\n\n<h4 class=\"wp-block-heading ticss-59a4e409\" id=\"herbert-fra-slippen\">Herbert fra Slippen<\/h4>\n<\/div>\n\n\n\n<div class=\"wp-block-column is-layout-flow wp-block-column-is-layout-flow\">\n<figure class=\"wp-block-image size-full is-resized\"><img loading=\"lazy\" decoding=\"async\" width=\"248\" height=\"178\" src=\"http:\/\/gestuet-auchtert.de\/wp-content\/uploads\/2022\/01\/mutter.png\" alt=\"\" class=\"wp-image-1200\" style=\"width:84px;height:60px\"\/><\/figure>\n\n\n\n<h4 class=\"wp-block-heading ticss-f73202ea\" id=\"sletta-fra-sandholaferju\">Sletta fr\u00e1 Sandh\u00f3laferju<\/h4>\n<\/div>\n<\/div>\n\n\n\n<div style=\"height:10px\" aria-hidden=\"true\" class=\"wp-block-spacer\"><\/div>\n\n\n\n\n\n\n<div style=\"height:30px\" aria-hidden=\"true\" class=\"wp-block-spacer\"><\/div>\n\n\n\n<div class=\"wp-block-columns is-layout-flex wp-container-core-columns-is-layout-28f84493 wp-block-columns-is-layout-flex\">\n<div class=\"wp-block-column is-layout-flow wp-block-column-is-layout-flow\">\n<h2 class=\"wp-block-heading ticss-0ed7edfe\" id=\"unglaubliches-toltvermogen\">Unglaubliches T\u00f6ltverm\u00f6gen<\/h2>\n\n\n\n<p class=\"ticss-29e9b981 has-medium-font-size\"><br>Hvitfaxi ist ein Sohn von Herbert fra Slippen und \u00fcberzeugte auf der K\u00f6rung 2020 mit seiner au\u00dfergew\u00f6hnliche Pr\u00e4senz. Hochweite Bewegungen im T\u00f6lt und vielversprechender Rennpass zeichnen diesen harmonischen und extrem freundlichen Typ aus.<br>Er war extrem leicht einzureiten und best\u00e4tigte von Anfang an sein unglaubliches T\u00f6ltverm\u00f6gen.<br>Hvitfaxi t\u00f6ltet in der Futurity-Klasse der 5-j\u00e4hrigen zu unglaublichen 7,40 Punkten.<\/p>\n\n\n\n<figure class=\"wp-block-table\"><table><tbody><tr><td>Kopf<\/td><td>8<\/td><\/tr><tr><td>Hals-Widerrist-Schulter<\/td><td>8<\/td><\/tr><tr><td>R\u00fcckenlinie-Kruppe<\/td><td>8<\/td><\/tr><tr><td>Proportionen<\/td><td>8<\/td><\/tr><tr><td>Gliedma\u00dfen<\/td><td>8<\/td><\/tr><tr><td>Stellung der Gliedma\u00dfen<\/td><td>8<\/td><\/tr><tr><td>Hufe<\/td><td>8.5<\/td><\/tr><tr><td>M\u00e4hne-Schweif<\/td><td>8.5<\/td><\/tr><tr><td><strong>Exter.<\/strong><\/td><td><strong>8.09<\/strong><\/td><\/tr><\/tbody><\/table><\/figure>\n<\/div>\n\n\n\n<div class=\"wp-block-column is-layout-flow wp-block-column-is-layout-flow\">\n<h2 class=\"wp-block-heading ticss-9a94ebd4\" id=\"korung-2020\">K\u00f6rung 2020:<\/h2>\n\n\n\n<p class=\"ticss-236aeb07 has-medium-font-size\">\u201eEin gut aufgerichteter Junghengst mit hohen akzentuierten Bewegungen, hervorragender Balance im T\u00f6lt und deutlichen Rennpassans\u00e4tzen.\u201c<\/p>\n\n\n\n<h3 class=\"wp-block-heading has-text-align-right ticss-dd5a2fe4\" id=\"interieur-8-10\">Interieur 8,10<\/h3>\n\n\n\n<h3 class=\"wp-block-heading has-text-align-right ticss-cdae255a\" id=\"exterieur-8-00\">Exterieur 8,00<\/h3>\n\n\n\n<h3 class=\"wp-block-heading has-text-align-right ticss-74cb1ba3\" id=\"gang-8-00\">Gang 8,00<\/h3>\n\n\n\n<div style=\"height:30px\" aria-hidden=\"true\" class=\"wp-block-spacer\"><\/div>\n\n\n<div class=\"wp-block-image\">\n<figure class=\"alignleft size-full is-resized\"><img loading=\"lazy\" decoding=\"async\" width=\"461\" height=\"208\" src=\"http:\/\/gestuet-auchtert.de\/wp-content\/uploads\/2022\/01\/decktermine.png\" alt=\"\" class=\"wp-image-1225\" style=\"width:157px;height:70px\" srcset=\"https:\/\/gestuet-auchtert.de\/wp-content\/uploads\/2022\/01\/decktermine.png 461w, https:\/\/gestuet-auchtert.de\/wp-content\/uploads\/2022\/01\/decktermine-300x135.png 300w\" sizes=\"auto, (max-width: 461px) 100vw, 461px\" \/><\/figure>\n<\/div>\n\n\n<h4 class=\"wp-block-heading has-text-align-right ticss-fa06b39a\" id=\"deckt-ab-dem-01-april-2022-auf-dem-gestut-auchtert\"><br>Deckt ab dem 01.April 2025 auf dem Gest\u00fct Auchtert.<\/h4>\n\n\n\n<div style=\"height:20px\" aria-hidden=\"true\" class=\"wp-block-spacer\"><\/div>\n\n\n<div class=\"wp-block-image\">\n<figure class=\"alignleft size-full is-resized\"><img loading=\"lazy\" decoding=\"async\" width=\"461\" height=\"208\" src=\"http:\/\/gestuet-auchtert.de\/wp-content\/uploads\/2022\/01\/decktaxe-2.png\" alt=\"\" class=\"wp-image-1234\" style=\"width:154px;height:70px\" srcset=\"https:\/\/gestuet-auchtert.de\/wp-content\/uploads\/2022\/01\/decktaxe-2.png 461w, https:\/\/gestuet-auchtert.de\/wp-content\/uploads\/2022\/01\/decktaxe-2-300x135.png 300w\" sizes=\"auto, (max-width: 461px) 100vw, 461px\" \/><\/figure>\n<\/div>\n\n\n<h4 class=\"wp-block-heading has-text-align-right ticss-75b67426\" id=\"750-00-zzgl-7-mwst\"><br>950,00 \u20ac zzgl. 7% MwSt<\/h4>\n<\/div>\n<\/div>\n","protected":false},"excerpt":{"rendered":"<p>DK2017100632 Herbert fra Slippen Sletta fr\u00e1 Sandh\u00f3laferju Unglaubliches T\u00f6ltverm\u00f6gen Hvitfaxi ist ein Sohn von Herbert fra Slippen und \u00fcberzeugte auf der K\u00f6rung 2020 mit seiner au\u00dfergew\u00f6hnliche Pr\u00e4senz. Hochweite Bewegungen im T\u00f6lt und vielversprechender Rennpass zeichnen diesen harmonischen und extrem freundlichen Typ aus.Er war extrem leicht einzureiten und best\u00e4tigte von Anfang an sein unglaubliches T\u00f6ltverm\u00f6gen.Hvitfaxi t\u00f6ltet in der Futurity-Klasse der 5-j\u00e4hrigen zu unglaublichen 7,40 Punkten. Kopf 8 Hals-Widerrist-Schulter 8 R\u00fcckenlinie-Kruppe 8 Proportionen 8 Gliedma\u00dfen 8 Stellung der Gliedma\u00dfen 8 Hufe 8.5 M\u00e4hne-Schweif 8.5 Exter. 8.09 K\u00f6rung 2020: \u201eEin gut aufgerichteter Junghengst mit hohen akzentuierten Bewegungen, hervorragender Balance im T\u00f6lt und deutlichen Rennpassans\u00e4tzen.\u201c Interieur 8,10 Exterieur 8,00 Gang 8,00 Deckt ab dem 01.April 2025 auf dem Gest\u00fct Auchtert. 950,00 \u20ac zzgl. 7% MwSt<\/p>\n","protected":false},"author":2,"featured_media":0,"parent":0,"menu_order":0,"comment_status":"closed","ping_status":"closed","template":"","meta":{"_mc_calendar":[],"footnotes":""},"class_list":["post-932","page","type-page","status-publish","hentry"],"yoast_head":"<!-- This site is optimized with the Yoast SEO plugin v27.4 - https:\/\/yoast.com\/product\/yoast-seo-wordpress\/ -->\n<title>Hv\u00edtfaxi fra Lindenweberhof<\/title>\n<meta name=\"description\" content=\"Hvitfaxi ist ein Sohn von Herbert fra Slippen und \u00fcberzeugte auf der K\u00f6rung 2020 mit seiner au\u00dfergew\u00f6hnliche Pr\u00e4senz. Hochweite Bewegungen im T\u00f6lt und vielversprechender Rennpass zeichnen diesen harmonischen und extrem freundlichen Typ aus.\" \/>\n<meta name=\"robots\" content=\"index, follow, max-snippet:-1, max-image-preview:large, max-video-preview:-1\" \/>\n<link rel=\"canonical\" href=\"https:\/\/gestuet-auchtert.de\/?page_id=932\" \/>\n<meta property=\"og:locale\" content=\"de_DE\" \/>\n<meta property=\"og:type\" content=\"article\" \/>\n<meta property=\"og:title\" content=\"Hv\u00edtfaxi fra Lindenweberhof\" \/>\n<meta property=\"og:description\" content=\"Hvitfaxi ist ein Sohn von Herbert fra Slippen und \u00fcberzeugte auf der K\u00f6rung 2020 mit seiner au\u00dfergew\u00f6hnliche Pr\u00e4senz. Hochweite Bewegungen im T\u00f6lt und vielversprechender Rennpass zeichnen diesen harmonischen und extrem freundlichen Typ aus.\" \/>\n<meta property=\"og:url\" content=\"https:\/\/gestuet-auchtert.de\/?page_id=932\" \/>\n<meta property=\"article:publisher\" content=\"https:\/\/www.facebook.com\/hestarkeppni\" \/>\n<meta property=\"article:modified_time\" content=\"2025-01-18T06:15:35+00:00\" \/>\n<meta property=\"og:image\" content=\"http:\/\/gestuet-auchtert.de\/wp-content\/uploads\/2022\/01\/feifid.png\" \/>\n<meta name=\"twitter:card\" content=\"summary_large_image\" \/>\n<meta name=\"twitter:label1\" content=\"Gesch\u00e4tzte Lesezeit\" \/>\n\t<meta name=\"twitter:data1\" content=\"2\u00a0Minuten\" \/>\n<script type=\"application\/ld+json\" class=\"yoast-schema-graph\">{\"@context\":\"https:\\\/\\\/schema.org\",\"@graph\":[{\"@type\":\"WebPage\",\"@id\":\"https:\\\/\\\/gestuet-auchtert.de\\\/?page_id=932\",\"url\":\"https:\\\/\\\/gestuet-auchtert.de\\\/?page_id=932\",\"name\":\"Hv\u00edtfaxi fra Lindenweberhof\",\"isPartOf\":{\"@id\":\"https:\\\/\\\/gestuet-auchtert.de\\\/#website\"},\"primaryImageOfPage\":{\"@id\":\"https:\\\/\\\/gestuet-auchtert.de\\\/?page_id=932#primaryimage\"},\"image\":{\"@id\":\"https:\\\/\\\/gestuet-auchtert.de\\\/?page_id=932#primaryimage\"},\"thumbnailUrl\":\"http:\\\/\\\/gestuet-auchtert.de\\\/wp-content\\\/uploads\\\/2022\\\/01\\\/feifid.png\",\"datePublished\":\"2022-01-13T12:40:05+00:00\",\"dateModified\":\"2025-01-18T06:15:35+00:00\",\"description\":\"Hvitfaxi ist ein Sohn von Herbert fra Slippen und \u00fcberzeugte auf der K\u00f6rung 2020 mit seiner au\u00dfergew\u00f6hnliche Pr\u00e4senz. Hochweite Bewegungen im T\u00f6lt und vielversprechender Rennpass zeichnen diesen harmonischen und extrem freundlichen Typ aus.\",\"breadcrumb\":{\"@id\":\"https:\\\/\\\/gestuet-auchtert.de\\\/?page_id=932#breadcrumb\"},\"inLanguage\":\"de\",\"potentialAction\":[{\"@type\":\"ReadAction\",\"target\":[\"https:\\\/\\\/gestuet-auchtert.de\\\/?page_id=932\"]}]},{\"@type\":\"ImageObject\",\"inLanguage\":\"de\",\"@id\":\"https:\\\/\\\/gestuet-auchtert.de\\\/?page_id=932#primaryimage\",\"url\":\"https:\\\/\\\/gestuet-auchtert.de\\\/wp-content\\\/uploads\\\/2022\\\/01\\\/feifid.png\",\"contentUrl\":\"https:\\\/\\\/gestuet-auchtert.de\\\/wp-content\\\/uploads\\\/2022\\\/01\\\/feifid.png\",\"width\":532,\"height\":212},{\"@type\":\"BreadcrumbList\",\"@id\":\"https:\\\/\\\/gestuet-auchtert.de\\\/?page_id=932#breadcrumb\",\"itemListElement\":[{\"@type\":\"ListItem\",\"position\":1,\"name\":\"Startseite\",\"item\":\"https:\\\/\\\/gestuet-auchtert.de\\\/\"},{\"@type\":\"ListItem\",\"position\":2,\"name\":\"Hv\u00edtfaxi fra Lindenweberhof\"}]},{\"@type\":\"WebSite\",\"@id\":\"https:\\\/\\\/gestuet-auchtert.de\\\/#website\",\"url\":\"https:\\\/\\\/gestuet-auchtert.de\\\/\",\"name\":\"Islandpferdegest\u00fct Auchtert\",\"description\":\"\",\"publisher\":{\"@id\":\"https:\\\/\\\/gestuet-auchtert.de\\\/#organization\"},\"alternateName\":\"Gest\u00fct Auchtert\",\"potentialAction\":[{\"@type\":\"SearchAction\",\"target\":{\"@type\":\"EntryPoint\",\"urlTemplate\":\"https:\\\/\\\/gestuet-auchtert.de\\\/?s={search_term_string}\"},\"query-input\":{\"@type\":\"PropertyValueSpecification\",\"valueRequired\":true,\"valueName\":\"search_term_string\"}}],\"inLanguage\":\"de\"},{\"@type\":\"Organization\",\"@id\":\"https:\\\/\\\/gestuet-auchtert.de\\\/#organization\",\"name\":\"Gest\u00fct Auchtert\",\"url\":\"https:\\\/\\\/gestuet-auchtert.de\\\/\",\"logo\":{\"@type\":\"ImageObject\",\"inLanguage\":\"de\",\"@id\":\"https:\\\/\\\/gestuet-auchtert.de\\\/#\\\/schema\\\/logo\\\/image\\\/\",\"url\":\"https:\\\/\\\/gestuet-auchtert.de\\\/wp-content\\\/uploads\\\/2021\\\/12\\\/Logoschwarz.png\",\"contentUrl\":\"https:\\\/\\\/gestuet-auchtert.de\\\/wp-content\\\/uploads\\\/2021\\\/12\\\/Logoschwarz.png\",\"width\":500,\"height\":390,\"caption\":\"Gest\u00fct Auchtert\"},\"image\":{\"@id\":\"https:\\\/\\\/gestuet-auchtert.de\\\/#\\\/schema\\\/logo\\\/image\\\/\"},\"sameAs\":[\"https:\\\/\\\/www.facebook.com\\\/hestarkeppni\",\"https:\\\/\\\/www.instagram.com\\\/gestuetauchtert\"]}]}<\/script>\n<!-- \/ Yoast SEO plugin. -->","yoast_head_json":{"title":"Hv\u00edtfaxi fra Lindenweberhof","description":"Hvitfaxi ist ein Sohn von Herbert fra Slippen und \u00fcberzeugte auf der K\u00f6rung 2020 mit seiner au\u00dfergew\u00f6hnliche Pr\u00e4senz. Hochweite Bewegungen im T\u00f6lt und vielversprechender Rennpass zeichnen diesen harmonischen und extrem freundlichen Typ aus.","robots":{"index":"index","follow":"follow","max-snippet":"max-snippet:-1","max-image-preview":"max-image-preview:large","max-video-preview":"max-video-preview:-1"},"canonical":"https:\/\/gestuet-auchtert.de\/?page_id=932","og_locale":"de_DE","og_type":"article","og_title":"Hv\u00edtfaxi fra Lindenweberhof","og_description":"Hvitfaxi ist ein Sohn von Herbert fra Slippen und \u00fcberzeugte auf der K\u00f6rung 2020 mit seiner au\u00dfergew\u00f6hnliche Pr\u00e4senz. Hochweite Bewegungen im T\u00f6lt und vielversprechender Rennpass zeichnen diesen harmonischen und extrem freundlichen Typ aus.","og_url":"https:\/\/gestuet-auchtert.de\/?page_id=932","article_publisher":"https:\/\/www.facebook.com\/hestarkeppni","article_modified_time":"2025-01-18T06:15:35+00:00","og_image":[{"url":"http:\/\/gestuet-auchtert.de\/wp-content\/uploads\/2022\/01\/feifid.png","type":"","width":"","height":""}],"twitter_card":"summary_large_image","twitter_misc":{"Gesch\u00e4tzte Lesezeit":"2\u00a0Minuten"},"schema":{"@context":"https:\/\/schema.org","@graph":[{"@type":"WebPage","@id":"https:\/\/gestuet-auchtert.de\/?page_id=932","url":"https:\/\/gestuet-auchtert.de\/?page_id=932","name":"Hv\u00edtfaxi fra Lindenweberhof","isPartOf":{"@id":"https:\/\/gestuet-auchtert.de\/#website"},"primaryImageOfPage":{"@id":"https:\/\/gestuet-auchtert.de\/?page_id=932#primaryimage"},"image":{"@id":"https:\/\/gestuet-auchtert.de\/?page_id=932#primaryimage"},"thumbnailUrl":"http:\/\/gestuet-auchtert.de\/wp-content\/uploads\/2022\/01\/feifid.png","datePublished":"2022-01-13T12:40:05+00:00","dateModified":"2025-01-18T06:15:35+00:00","description":"Hvitfaxi ist ein Sohn von Herbert fra Slippen und \u00fcberzeugte auf der K\u00f6rung 2020 mit seiner au\u00dfergew\u00f6hnliche Pr\u00e4senz. Hochweite Bewegungen im T\u00f6lt und vielversprechender Rennpass zeichnen diesen harmonischen und extrem freundlichen Typ aus.","breadcrumb":{"@id":"https:\/\/gestuet-auchtert.de\/?page_id=932#breadcrumb"},"inLanguage":"de","potentialAction":[{"@type":"ReadAction","target":["https:\/\/gestuet-auchtert.de\/?page_id=932"]}]},{"@type":"ImageObject","inLanguage":"de","@id":"https:\/\/gestuet-auchtert.de\/?page_id=932#primaryimage","url":"https:\/\/gestuet-auchtert.de\/wp-content\/uploads\/2022\/01\/feifid.png","contentUrl":"https:\/\/gestuet-auchtert.de\/wp-content\/uploads\/2022\/01\/feifid.png","width":532,"height":212},{"@type":"BreadcrumbList","@id":"https:\/\/gestuet-auchtert.de\/?page_id=932#breadcrumb","itemListElement":[{"@type":"ListItem","position":1,"name":"Startseite","item":"https:\/\/gestuet-auchtert.de\/"},{"@type":"ListItem","position":2,"name":"Hv\u00edtfaxi fra Lindenweberhof"}]},{"@type":"WebSite","@id":"https:\/\/gestuet-auchtert.de\/#website","url":"https:\/\/gestuet-auchtert.de\/","name":"Islandpferdegest\u00fct Auchtert","description":"","publisher":{"@id":"https:\/\/gestuet-auchtert.de\/#organization"},"alternateName":"Gest\u00fct Auchtert","potentialAction":[{"@type":"SearchAction","target":{"@type":"EntryPoint","urlTemplate":"https:\/\/gestuet-auchtert.de\/?s={search_term_string}"},"query-input":{"@type":"PropertyValueSpecification","valueRequired":true,"valueName":"search_term_string"}}],"inLanguage":"de"},{"@type":"Organization","@id":"https:\/\/gestuet-auchtert.de\/#organization","name":"Gest\u00fct Auchtert","url":"https:\/\/gestuet-auchtert.de\/","logo":{"@type":"ImageObject","inLanguage":"de","@id":"https:\/\/gestuet-auchtert.de\/#\/schema\/logo\/image\/","url":"https:\/\/gestuet-auchtert.de\/wp-content\/uploads\/2021\/12\/Logoschwarz.png","contentUrl":"https:\/\/gestuet-auchtert.de\/wp-content\/uploads\/2021\/12\/Logoschwarz.png","width":500,"height":390,"caption":"Gest\u00fct Auchtert"},"image":{"@id":"https:\/\/gestuet-auchtert.de\/#\/schema\/logo\/image\/"},"sameAs":["https:\/\/www.facebook.com\/hestarkeppni","https:\/\/www.instagram.com\/gestuetauchtert"]}]}},"_links":{"self":[{"href":"https:\/\/gestuet-auchtert.de\/index.php?rest_route=\/wp\/v2\/pages\/932","targetHints":{"allow":["GET"]}}],"collection":[{"href":"https:\/\/gestuet-auchtert.de\/index.php?rest_route=\/wp\/v2\/pages"}],"about":[{"href":"https:\/\/gestuet-auchtert.de\/index.php?rest_route=\/wp\/v2\/types\/page"}],"author":[{"embeddable":true,"href":"https:\/\/gestuet-auchtert.de\/index.php?rest_route=\/wp\/v2\/users\/2"}],"replies":[{"embeddable":true,"href":"https:\/\/gestuet-auchtert.de\/index.php?rest_route=%2Fwp%2Fv2%2Fcomments&post=932"}],"version-history":[{"count":0,"href":"https:\/\/gestuet-auchtert.de\/index.php?rest_route=\/wp\/v2\/pages\/932\/revisions"}],"wp:attachment":[{"href":"https:\/\/gestuet-auchtert.de\/index.php?rest_route=%2Fwp%2Fv2%2Fmedia&parent=932"}],"curies":[{"name":"wp","href":"https:\/\/api.w.org\/{rel}","templated":true}]}}