{"id":941,"date":"2022-01-13T12:46:48","date_gmt":"2022-01-13T12:46:48","guid":{"rendered":"http:\/\/gestuet-auchtert.de\/?page_id=941"},"modified":"2025-01-18T06:16:57","modified_gmt":"2025-01-18T06:16:57","slug":"tindur-fra-varmalaek","status":"publish","type":"page","link":"https:\/\/gestuet-auchtert.de\/?page_id=941","title":{"rendered":"Tindur fr\u00e1 Varmalaek"},"content":{"rendered":"\n<div class=\"wp-block-ps2id-block-target\" id=\"tindur\"><\/div>\n\n\n\n<div style=\"height:50px\" aria-hidden=\"true\" class=\"wp-block-spacer\"><\/div>\n\n\n\n<figure class=\"wp-block-image size-full is-resized\"><img loading=\"lazy\" decoding=\"async\" width=\"827\" height=\"215\" src=\"http:\/\/gestuet-auchtert.de\/wp-content\/uploads\/2022\/01\/Tindur-fra\u0301-Varmalaek_text.png\" alt=\"\" class=\"wp-image-942\" style=\"width:414px;height:108px\" srcset=\"https:\/\/gestuet-auchtert.de\/wp-content\/uploads\/2022\/01\/Tindur-fra\u0301-Varmalaek_text.png 827w, https:\/\/gestuet-auchtert.de\/wp-content\/uploads\/2022\/01\/Tindur-fra\u0301-Varmalaek_text-300x78.png 300w, https:\/\/gestuet-auchtert.de\/wp-content\/uploads\/2022\/01\/Tindur-fra\u0301-Varmalaek_text-768x200.png 768w\" sizes=\"auto, (max-width: 827px) 100vw, 827px\" \/><\/figure>\n\n\n\n<div style=\"height:30px\" aria-hidden=\"true\" class=\"wp-block-spacer\"><\/div>\n\n\n\n<div class=\"wp-block-columns is-layout-flex wp-container-core-columns-is-layout-28f84493 wp-block-columns-is-layout-flex\">\n<div class=\"wp-block-column is-layout-flow wp-block-column-is-layout-flow\">\n<figure class=\"wp-block-image size-full is-resized\"><img loading=\"lazy\" decoding=\"async\" width=\"532\" height=\"212\" src=\"http:\/\/gestuet-auchtert.de\/wp-content\/uploads\/2022\/01\/feifid.png\" alt=\"\" class=\"wp-image-1198\" style=\"width:124px;height:50px\" srcset=\"https:\/\/gestuet-auchtert.de\/wp-content\/uploads\/2022\/01\/feifid.png 532w, https:\/\/gestuet-auchtert.de\/wp-content\/uploads\/2022\/01\/feifid-300x120.png 300w\" sizes=\"auto, (max-width: 532px) 100vw, 532px\" \/><\/figure>\n\n\n\n<div style=\"height:7px\" aria-hidden=\"true\" class=\"wp-block-spacer\"><\/div>\n\n\n\n<h3 class=\"wp-block-heading ticss-aa8a6647\" id=\"is1999157802\">IS1999157802<\/h3>\n<\/div>\n\n\n\n<div class=\"wp-block-column is-layout-flow wp-block-column-is-layout-flow\">\n<figure class=\"wp-block-image size-full is-resized\"><img loading=\"lazy\" decoding=\"async\" width=\"185\" height=\"197\" src=\"http:\/\/gestuet-auchtert.de\/wp-content\/uploads\/2022\/01\/vater.png\" alt=\"\" class=\"wp-image-1199\" style=\"width:57px;height:60px\"\/><\/figure>\n\n\n\n<h4 class=\"wp-block-heading ticss-59a4e409\" id=\"smari-fra-skagastrond\">Sm\u00e1ri fr\u00e1 Skagastr\u00f6nd<\/h4>\n<\/div>\n\n\n\n<div class=\"wp-block-column is-layout-flow wp-block-column-is-layout-flow\">\n<figure class=\"wp-block-image size-full is-resized\"><img loading=\"lazy\" decoding=\"async\" width=\"248\" height=\"178\" src=\"http:\/\/gestuet-auchtert.de\/wp-content\/uploads\/2022\/01\/mutter.png\" alt=\"\" class=\"wp-image-1200\" style=\"width:84px;height:60px\"\/><\/figure>\n\n\n\n<h4 class=\"wp-block-heading ticss-f73202ea\" id=\"tinna-fra-varmalaek\">Tinna fr\u00e1 Varmal\u00e6k<\/h4>\n<\/div>\n<\/div>\n\n\n\n<div style=\"height:10px\" aria-hidden=\"true\" class=\"wp-block-spacer\"><\/div>\n\n\n\n\n\n\n<div style=\"height:30px\" aria-hidden=\"true\" class=\"wp-block-spacer\"><\/div>\n\n\n\n<div class=\"wp-block-columns is-layout-flex wp-container-core-columns-is-layout-28f84493 wp-block-columns-is-layout-flex\">\n<div class=\"wp-block-column is-layout-flow wp-block-column-is-layout-flow\">\n<h2 class=\"wp-block-heading ticss-0ed7edfe\" id=\"weltmeister\">Weltmeister<\/h2>\n\n\n\n<p class=\"ticss-29e9b981 has-medium-font-size\">Tindur fr\u00e1 Varmalaek, Weltmeister im F\u00fcnfgang. Seine unglaublichen Leistungen lassen sich alle gar nicht aufz\u00e4hlen. Klar gesagt, ist er vergleichbar mit einem Lottogewinn.<\/p>\n\n\n\n<div style=\"height:50px\" aria-hidden=\"true\" class=\"wp-block-spacer\"><\/div>\n\n\n\n<h2 class=\"wp-block-heading ticss-acb074ea\">FIZO<\/h2>\n\n\n\n<figure class=\"wp-block-table is-style-regular\"><table><tbody><tr><td>Kopf<\/td><td>7.5<\/td><td>T\u00f6lt<\/td><td>9<\/td><\/tr><tr><td>Hals-Widerrist-Schulter<\/td><td>8<\/td><td>Trab<\/td><td>8.5<\/td><\/tr><tr><td>R\u00fcckenlinie-Kruppe<\/td><td>9<\/td><td>Pass<\/td><td>9<\/td><\/tr><tr><td>Proportionen<\/td><td>8<\/td><td>Galopp<\/td><td>8<\/td><\/tr><tr><td>Gliedma\u00dfen<\/td><td>9<\/td><td>Charakter und Gehwille<\/td><td>9.5<\/td><\/tr><tr><td>Stellung der Gliedma\u00dfen<\/td><td>8<\/td><td>Form unter dem Reiter<\/td><td>9<\/td><\/tr><tr><td>Hufe<\/td><td>8.5<\/td><td>Schritt<\/td><td>8.5<\/td><\/tr><tr><td>M\u00e4hne-Schweif<\/td><td>8<\/td><td><strong>Reiteig.<\/strong><\/td><td><strong>8.95<\/strong><\/td><\/tr><tr><td><strong>Exter.<\/strong><\/td><td><strong>8.26<\/strong><\/td><td>Langsamer T\u00f6lt<\/td><td>8<\/td><\/tr><tr><td><\/td><td><\/td><td>Langsamer Galopp<\/td><td>8<\/td><\/tr><tr><td><strong>Gesamt.<\/strong><\/td><td><strong>8.68<\/strong><\/td><td><\/td><td><\/td><\/tr><\/tbody><\/table><\/figure>\n<\/div>\n\n\n\n<div class=\"wp-block-column is-layout-flow wp-block-column-is-layout-flow\">\n<h3 class=\"wp-block-heading ticss-945bf5ed\" id=\"jeder-braucht-seinen-tindur\">Jeder braucht seinen Tindur<br><\/h3>\n\n\n\n<p class=\"ticss-28e542ca has-medium-font-size\">Seine Nachkommen sprechen f\u00fcr sich. Sie sind beliebte Reitpferde mit viel Gangpotential. Er hat viele hochdekorierte Pferde in Zucht und Sport hervorgebracht. Alle besitzen viel T\u00f6lt bei sehr guter Gangtrennung und sind die perfekten F\u00fcnfg\u00e4nger. Man muss einfach die Chance nutzen \u201eeinen Tindur\u201c zu bekommen.<\/p>\n\n\n\n<div style=\"height:50px\" aria-hidden=\"true\" class=\"wp-block-spacer\"><\/div>\n\n\n<div class=\"wp-block-image\">\n<figure class=\"alignleft size-full is-resized\"><img loading=\"lazy\" decoding=\"async\" width=\"461\" height=\"208\" src=\"http:\/\/gestuet-auchtert.de\/wp-content\/uploads\/2022\/01\/decktermine.png\" alt=\"\" class=\"wp-image-1225\" style=\"width:157px;height:70px\" srcset=\"https:\/\/gestuet-auchtert.de\/wp-content\/uploads\/2022\/01\/decktermine.png 461w, https:\/\/gestuet-auchtert.de\/wp-content\/uploads\/2022\/01\/decktermine-300x135.png 300w\" sizes=\"auto, (max-width: 461px) 100vw, 461px\" \/><\/figure>\n<\/div>\n\n\n<h4 class=\"wp-block-heading has-text-align-right ticss-fa06b39a\" id=\"deckt-ab-dem-01-april-2022-an-der-hand-und-danach-in-der-herde-auf-dem-gestut-auchtert\"><br>Deckt ab dem 01.April 2025 auf dem Gest\u00fct Auchtert.<\/h4>\n\n\n\n<div style=\"height:30px\" aria-hidden=\"true\" class=\"wp-block-spacer\"><\/div>\n\n\n<div class=\"wp-block-image\">\n<figure class=\"alignleft size-full is-resized\"><img loading=\"lazy\" decoding=\"async\" width=\"461\" height=\"208\" src=\"http:\/\/gestuet-auchtert.de\/wp-content\/uploads\/2022\/01\/decktaxe-2.png\" alt=\"\" class=\"wp-image-1234\" style=\"width:154px;height:70px\" srcset=\"https:\/\/gestuet-auchtert.de\/wp-content\/uploads\/2022\/01\/decktaxe-2.png 461w, https:\/\/gestuet-auchtert.de\/wp-content\/uploads\/2022\/01\/decktaxe-2-300x135.png 300w\" sizes=\"auto, (max-width: 461px) 100vw, 461px\" \/><\/figure>\n<\/div>\n\n\n<h4 class=\"wp-block-heading has-text-align-right ticss-75b67426\" id=\"1-000-00-zzgl-7-mwst\"><br>1.200,00 \u20ac zzgl. 7% MwSt<\/h4>\n<\/div>\n<\/div>\n","protected":false},"excerpt":{"rendered":"<p>IS1999157802 Sm\u00e1ri fr\u00e1 Skagastr\u00f6nd Tinna fr\u00e1 Varmal\u00e6k Weltmeister Tindur fr\u00e1 Varmalaek, Weltmeister im F\u00fcnfgang. Seine unglaublichen Leistungen lassen sich alle gar nicht aufz\u00e4hlen. Klar gesagt, ist er vergleichbar mit einem Lottogewinn. FIZO Kopf 7.5 T\u00f6lt 9 Hals-Widerrist-Schulter 8 Trab 8.5 R\u00fcckenlinie-Kruppe 9 Pass 9 Proportionen 8 Galopp 8 Gliedma\u00dfen 9 Charakter und Gehwille 9.5 Stellung der Gliedma\u00dfen 8 Form unter dem Reiter 9 Hufe 8.5 Schritt 8.5 M\u00e4hne-Schweif 8 Reiteig. 8.95 Exter. 8.26 Langsamer T\u00f6lt 8 Langsamer Galopp 8 Gesamt. 8.68 Jeder braucht seinen Tindur Seine Nachkommen sprechen f\u00fcr sich. Sie sind beliebte Reitpferde mit viel Gangpotential. Er hat viele hochdekorierte Pferde in Zucht und Sport hervorgebracht. Alle besitzen viel T\u00f6lt bei sehr guter Gangtrennung und sind die perfekten F\u00fcnfg\u00e4nger. Man muss einfach die Chance nutzen \u201eeinen Tindur\u201c zu bekommen. Deckt ab dem 01.April 2025 auf dem Gest\u00fct Auchtert. 1.200,00 \u20ac zzgl. 7% MwSt<\/p>\n","protected":false},"author":2,"featured_media":0,"parent":0,"menu_order":0,"comment_status":"closed","ping_status":"closed","template":"","meta":{"_mc_calendar":[],"footnotes":""},"class_list":["post-941","page","type-page","status-publish","hentry"],"yoast_head":"<!-- This site is optimized with the Yoast SEO plugin v27.4 - https:\/\/yoast.com\/product\/yoast-seo-wordpress\/ -->\n<title>Tindur fr\u00e1 Varmalaek<\/title>\n<meta name=\"description\" content=\"Tindur fr\u00e1 Varmalaek, Weltmeister im F\u00fcnfgang. Seine unglaublichen Leistungen lassen sich alle gar nicht aufz\u00e4hlen. Klar gesagt, ist er vergleichbar mit einem Lottogewinn.\" \/>\n<meta name=\"robots\" content=\"index, follow, max-snippet:-1, max-image-preview:large, max-video-preview:-1\" \/>\n<link rel=\"canonical\" href=\"https:\/\/gestuet-auchtert.de\/?page_id=941\" \/>\n<meta property=\"og:locale\" content=\"de_DE\" \/>\n<meta property=\"og:type\" content=\"article\" \/>\n<meta property=\"og:title\" content=\"Tindur fr\u00e1 Varmalaek\" \/>\n<meta property=\"og:description\" content=\"Tindur fr\u00e1 Varmalaek, Weltmeister im F\u00fcnfgang. Seine unglaublichen Leistungen lassen sich alle gar nicht aufz\u00e4hlen. Klar gesagt, ist er vergleichbar mit einem Lottogewinn.\" \/>\n<meta property=\"og:url\" content=\"https:\/\/gestuet-auchtert.de\/?page_id=941\" \/>\n<meta property=\"article:publisher\" content=\"https:\/\/www.facebook.com\/hestarkeppni\" \/>\n<meta property=\"article:modified_time\" content=\"2025-01-18T06:16:57+00:00\" \/>\n<meta property=\"og:image\" content=\"http:\/\/gestuet-auchtert.de\/wp-content\/uploads\/2022\/01\/feifid.png\" \/>\n<meta name=\"twitter:card\" content=\"summary_large_image\" \/>\n<meta name=\"twitter:label1\" content=\"Gesch\u00e4tzte Lesezeit\" \/>\n\t<meta name=\"twitter:data1\" content=\"3\u00a0Minuten\" \/>\n<script type=\"application\/ld+json\" class=\"yoast-schema-graph\">{\"@context\":\"https:\\\/\\\/schema.org\",\"@graph\":[{\"@type\":\"WebPage\",\"@id\":\"https:\\\/\\\/gestuet-auchtert.de\\\/?page_id=941\",\"url\":\"https:\\\/\\\/gestuet-auchtert.de\\\/?page_id=941\",\"name\":\"Tindur fr\u00e1 Varmalaek\",\"isPartOf\":{\"@id\":\"https:\\\/\\\/gestuet-auchtert.de\\\/#website\"},\"primaryImageOfPage\":{\"@id\":\"https:\\\/\\\/gestuet-auchtert.de\\\/?page_id=941#primaryimage\"},\"image\":{\"@id\":\"https:\\\/\\\/gestuet-auchtert.de\\\/?page_id=941#primaryimage\"},\"thumbnailUrl\":\"http:\\\/\\\/gestuet-auchtert.de\\\/wp-content\\\/uploads\\\/2022\\\/01\\\/feifid.png\",\"datePublished\":\"2022-01-13T12:46:48+00:00\",\"dateModified\":\"2025-01-18T06:16:57+00:00\",\"description\":\"Tindur fr\u00e1 Varmalaek, Weltmeister im F\u00fcnfgang. Seine unglaublichen Leistungen lassen sich alle gar nicht aufz\u00e4hlen. Klar gesagt, ist er vergleichbar mit einem Lottogewinn.\",\"breadcrumb\":{\"@id\":\"https:\\\/\\\/gestuet-auchtert.de\\\/?page_id=941#breadcrumb\"},\"inLanguage\":\"de\",\"potentialAction\":[{\"@type\":\"ReadAction\",\"target\":[\"https:\\\/\\\/gestuet-auchtert.de\\\/?page_id=941\"]}]},{\"@type\":\"ImageObject\",\"inLanguage\":\"de\",\"@id\":\"https:\\\/\\\/gestuet-auchtert.de\\\/?page_id=941#primaryimage\",\"url\":\"https:\\\/\\\/gestuet-auchtert.de\\\/wp-content\\\/uploads\\\/2022\\\/01\\\/feifid.png\",\"contentUrl\":\"https:\\\/\\\/gestuet-auchtert.de\\\/wp-content\\\/uploads\\\/2022\\\/01\\\/feifid.png\",\"width\":532,\"height\":212},{\"@type\":\"BreadcrumbList\",\"@id\":\"https:\\\/\\\/gestuet-auchtert.de\\\/?page_id=941#breadcrumb\",\"itemListElement\":[{\"@type\":\"ListItem\",\"position\":1,\"name\":\"Startseite\",\"item\":\"https:\\\/\\\/gestuet-auchtert.de\\\/\"},{\"@type\":\"ListItem\",\"position\":2,\"name\":\"Tindur fr\u00e1 Varmalaek\"}]},{\"@type\":\"WebSite\",\"@id\":\"https:\\\/\\\/gestuet-auchtert.de\\\/#website\",\"url\":\"https:\\\/\\\/gestuet-auchtert.de\\\/\",\"name\":\"Islandpferdegest\u00fct Auchtert\",\"description\":\"\",\"publisher\":{\"@id\":\"https:\\\/\\\/gestuet-auchtert.de\\\/#organization\"},\"alternateName\":\"Gest\u00fct Auchtert\",\"potentialAction\":[{\"@type\":\"SearchAction\",\"target\":{\"@type\":\"EntryPoint\",\"urlTemplate\":\"https:\\\/\\\/gestuet-auchtert.de\\\/?s={search_term_string}\"},\"query-input\":{\"@type\":\"PropertyValueSpecification\",\"valueRequired\":true,\"valueName\":\"search_term_string\"}}],\"inLanguage\":\"de\"},{\"@type\":\"Organization\",\"@id\":\"https:\\\/\\\/gestuet-auchtert.de\\\/#organization\",\"name\":\"Gest\u00fct Auchtert\",\"url\":\"https:\\\/\\\/gestuet-auchtert.de\\\/\",\"logo\":{\"@type\":\"ImageObject\",\"inLanguage\":\"de\",\"@id\":\"https:\\\/\\\/gestuet-auchtert.de\\\/#\\\/schema\\\/logo\\\/image\\\/\",\"url\":\"https:\\\/\\\/gestuet-auchtert.de\\\/wp-content\\\/uploads\\\/2021\\\/12\\\/Logoschwarz.png\",\"contentUrl\":\"https:\\\/\\\/gestuet-auchtert.de\\\/wp-content\\\/uploads\\\/2021\\\/12\\\/Logoschwarz.png\",\"width\":500,\"height\":390,\"caption\":\"Gest\u00fct Auchtert\"},\"image\":{\"@id\":\"https:\\\/\\\/gestuet-auchtert.de\\\/#\\\/schema\\\/logo\\\/image\\\/\"},\"sameAs\":[\"https:\\\/\\\/www.facebook.com\\\/hestarkeppni\",\"https:\\\/\\\/www.instagram.com\\\/gestuetauchtert\"]}]}<\/script>\n<!-- \/ Yoast SEO plugin. -->","yoast_head_json":{"title":"Tindur fr\u00e1 Varmalaek","description":"Tindur fr\u00e1 Varmalaek, Weltmeister im F\u00fcnfgang. Seine unglaublichen Leistungen lassen sich alle gar nicht aufz\u00e4hlen. Klar gesagt, ist er vergleichbar mit einem Lottogewinn.","robots":{"index":"index","follow":"follow","max-snippet":"max-snippet:-1","max-image-preview":"max-image-preview:large","max-video-preview":"max-video-preview:-1"},"canonical":"https:\/\/gestuet-auchtert.de\/?page_id=941","og_locale":"de_DE","og_type":"article","og_title":"Tindur fr\u00e1 Varmalaek","og_description":"Tindur fr\u00e1 Varmalaek, Weltmeister im F\u00fcnfgang. Seine unglaublichen Leistungen lassen sich alle gar nicht aufz\u00e4hlen. Klar gesagt, ist er vergleichbar mit einem Lottogewinn.","og_url":"https:\/\/gestuet-auchtert.de\/?page_id=941","article_publisher":"https:\/\/www.facebook.com\/hestarkeppni","article_modified_time":"2025-01-18T06:16:57+00:00","og_image":[{"url":"http:\/\/gestuet-auchtert.de\/wp-content\/uploads\/2022\/01\/feifid.png","type":"","width":"","height":""}],"twitter_card":"summary_large_image","twitter_misc":{"Gesch\u00e4tzte Lesezeit":"3\u00a0Minuten"},"schema":{"@context":"https:\/\/schema.org","@graph":[{"@type":"WebPage","@id":"https:\/\/gestuet-auchtert.de\/?page_id=941","url":"https:\/\/gestuet-auchtert.de\/?page_id=941","name":"Tindur fr\u00e1 Varmalaek","isPartOf":{"@id":"https:\/\/gestuet-auchtert.de\/#website"},"primaryImageOfPage":{"@id":"https:\/\/gestuet-auchtert.de\/?page_id=941#primaryimage"},"image":{"@id":"https:\/\/gestuet-auchtert.de\/?page_id=941#primaryimage"},"thumbnailUrl":"http:\/\/gestuet-auchtert.de\/wp-content\/uploads\/2022\/01\/feifid.png","datePublished":"2022-01-13T12:46:48+00:00","dateModified":"2025-01-18T06:16:57+00:00","description":"Tindur fr\u00e1 Varmalaek, Weltmeister im F\u00fcnfgang. Seine unglaublichen Leistungen lassen sich alle gar nicht aufz\u00e4hlen. Klar gesagt, ist er vergleichbar mit einem Lottogewinn.","breadcrumb":{"@id":"https:\/\/gestuet-auchtert.de\/?page_id=941#breadcrumb"},"inLanguage":"de","potentialAction":[{"@type":"ReadAction","target":["https:\/\/gestuet-auchtert.de\/?page_id=941"]}]},{"@type":"ImageObject","inLanguage":"de","@id":"https:\/\/gestuet-auchtert.de\/?page_id=941#primaryimage","url":"https:\/\/gestuet-auchtert.de\/wp-content\/uploads\/2022\/01\/feifid.png","contentUrl":"https:\/\/gestuet-auchtert.de\/wp-content\/uploads\/2022\/01\/feifid.png","width":532,"height":212},{"@type":"BreadcrumbList","@id":"https:\/\/gestuet-auchtert.de\/?page_id=941#breadcrumb","itemListElement":[{"@type":"ListItem","position":1,"name":"Startseite","item":"https:\/\/gestuet-auchtert.de\/"},{"@type":"ListItem","position":2,"name":"Tindur fr\u00e1 Varmalaek"}]},{"@type":"WebSite","@id":"https:\/\/gestuet-auchtert.de\/#website","url":"https:\/\/gestuet-auchtert.de\/","name":"Islandpferdegest\u00fct Auchtert","description":"","publisher":{"@id":"https:\/\/gestuet-auchtert.de\/#organization"},"alternateName":"Gest\u00fct Auchtert","potentialAction":[{"@type":"SearchAction","target":{"@type":"EntryPoint","urlTemplate":"https:\/\/gestuet-auchtert.de\/?s={search_term_string}"},"query-input":{"@type":"PropertyValueSpecification","valueRequired":true,"valueName":"search_term_string"}}],"inLanguage":"de"},{"@type":"Organization","@id":"https:\/\/gestuet-auchtert.de\/#organization","name":"Gest\u00fct Auchtert","url":"https:\/\/gestuet-auchtert.de\/","logo":{"@type":"ImageObject","inLanguage":"de","@id":"https:\/\/gestuet-auchtert.de\/#\/schema\/logo\/image\/","url":"https:\/\/gestuet-auchtert.de\/wp-content\/uploads\/2021\/12\/Logoschwarz.png","contentUrl":"https:\/\/gestuet-auchtert.de\/wp-content\/uploads\/2021\/12\/Logoschwarz.png","width":500,"height":390,"caption":"Gest\u00fct Auchtert"},"image":{"@id":"https:\/\/gestuet-auchtert.de\/#\/schema\/logo\/image\/"},"sameAs":["https:\/\/www.facebook.com\/hestarkeppni","https:\/\/www.instagram.com\/gestuetauchtert"]}]}},"_links":{"self":[{"href":"https:\/\/gestuet-auchtert.de\/index.php?rest_route=\/wp\/v2\/pages\/941","targetHints":{"allow":["GET"]}}],"collection":[{"href":"https:\/\/gestuet-auchtert.de\/index.php?rest_route=\/wp\/v2\/pages"}],"about":[{"href":"https:\/\/gestuet-auchtert.de\/index.php?rest_route=\/wp\/v2\/types\/page"}],"author":[{"embeddable":true,"href":"https:\/\/gestuet-auchtert.de\/index.php?rest_route=\/wp\/v2\/users\/2"}],"replies":[{"embeddable":true,"href":"https:\/\/gestuet-auchtert.de\/index.php?rest_route=%2Fwp%2Fv2%2Fcomments&post=941"}],"version-history":[{"count":0,"href":"https:\/\/gestuet-auchtert.de\/index.php?rest_route=\/wp\/v2\/pages\/941\/revisions"}],"wp:attachment":[{"href":"https:\/\/gestuet-auchtert.de\/index.php?rest_route=%2Fwp%2Fv2%2Fmedia&parent=941"}],"curies":[{"name":"wp","href":"https:\/\/api.w.org\/{rel}","templated":true}]}}